{"id":49757,"date":"2025-12-08T09:10:39","date_gmt":"2025-12-08T08:10:39","guid":{"rendered":"https:\/\/qanta.marie-rabault.com\/?page_id=49757"},"modified":"2026-02-09T11:29:57","modified_gmt":"2026-02-09T10:29:57","slug":"qanta","status":"publish","type":"page","link":"https:\/\/qanta.energy\/en\/","title":{"rendered":"Qanta"},"content":{"rendered":"\n<div class=\"wp-block-cover alignfull is-light\" style=\"min-height:100vh;aspect-ratio:unset;\"><video class=\"wp-block-cover__video-background intrinsic-ignore\" autoplay muted loop playsinline src=\"https:\/\/qanta.energy\/wp-content\/uploads\/2026\/01\/homepage-video-1.mp4\" poster=\"https:\/\/qanta.energy\/wp-content\/uploads\/2026\/01\/video-qanta-poster.jpg\" data-object-fit=\"cover\"><\/video><span aria-hidden=\"true\" class=\"wp-block-cover__background has-contrast-background-color has-background-dim-30 has-background-dim\"><\/span><div class=\"wp-block-cover__inner-container is-layout-constrained wp-block-cover-is-layout-constrained\">\n<div class=\"gb-element-1eba0240\">\n<div class=\"gb-element-623a2958\">\n<h1 class=\"gb-text gb-text-174e7dcc margin-b-zero\">Seize your energy independence<br><mark style=\"background-color:rgba(0, 0, 0, 0)\" class=\"has-inline-color has-base-3-color\"><strong>without upfront costs<\/strong>.<\/mark><\/h1>\n\n\n\n<div class=\"gb-element-fc8d722e\">\n<h2 class=\"gb-text gb-text-c3ffdfd8\">Energy that connects us.<\/h2>\n<\/div>\n<\/div>\n<\/div>\n<\/div><\/div>\n\n\n\n<div class=\"alignfull\">\n<div class=\"gbp-section__inner anim-stagger\">\n<h2 class=\"gb-text gb-text-571f15c1\">We invest, build and operate. You keep the savings.<\/h2>\n\n\n\n<div class=\"gb-element-900642e5\">\n<h4 class=\"gb-text-07c4ce2a\"><span class=\"gb-shape\"><svg xmlns=\"http:\/\/www.w3.org\/2000\/svg\" viewBox=\"0 -960 960 960\"><path d=\"M382-276 192-466l20-20 170 170 366-366 20 20z\"><\/path><\/svg><\/span><span class=\"gb-text\">Up to 100% of project costs covered.<\/span><\/h4>\n<\/div>\n\n\n\n<div class=\"gb-element-5866acc0\">\n<h4 class=\"gb-text-d4e56851\"><span class=\"gb-shape\"><svg xmlns=\"http:\/\/www.w3.org\/2000\/svg\" viewBox=\"0 -960 960 960\"><path d=\"M382-276 192-466l20-20 170 170 366-366 20 20z\"><\/path><\/svg><\/span><span class=\"gb-text\">Comprehensive project management by our team \u2013 from development to operation.<\/span><\/h4>\n<\/div>\n\n\n\n<div class=\"gb-element-17a66be2\">\n<h4 class=\"gb-text-3767c7e4\"><span class=\"gb-shape\"><svg xmlns=\"http:\/\/www.w3.org\/2000\/svg\" viewBox=\"0 -960 960 960\"><path d=\"M382-276 192-466l20-20 170 170 366-366 20 20z\"><\/path><\/svg><\/span><span class=\"gb-text\">Local production and consumption of decarbonized energy at reduced cost.<\/span><\/h4>\n<\/div>\n<\/div>\n<\/div>\n\n\n\n<div class=\"alignfull anim-bottom\">\n<div class=\"gbp-section__inner\">\n<h2 class=\"gb-text gb-text-e909cee9\">We guide you through your energy transition.<\/h2>\n\n\n\n<h4 class=\"gb-text p-filet-left\">A tailored offer for your energy needs.<br>District heating\/cooling networks, decentralized production, energy efficiency, building renovation.<\/h4>\n\n\n\n<div class=\"gb-element-d7f32fb5\">\n<a class=\"gb-element-1efa1bd7\" style=\"--inline-bg-image: url(https:\/\/qanta.energy\/wp-content\/uploads\/2025\/12\/AdobeStock_451349901_Preview.jpeg)\" href=\"https:\/\/qanta.energy\/en\/you-are\/#municipalities\">\n<h3 class=\"gb-text gb-text-75bcb112\">Municipalities<\/h3>\n\n\n\n<p class=\"gb-text gb-text-a53a4591\">Modernize your infrastructure.<br><strong>Become energy <\/strong>independent.<\/p>\n<\/a>\n\n\n\n<a class=\"gb-element-c662101a\" style=\"--inline-bg-image: url(https:\/\/qanta.energy\/wp-content\/uploads\/2025\/05\/solar-panels-2.jpg)\" href=\"https:\/\/qanta.energy\/en\/you-are\/#real-estate\">\n<h3 class=\"gb-text gb-text-84db78d3\">Real Estate Owners&nbsp;<\/h3>\n\n\n\n<p class=\"gb-text gb-text-599955d9\">Transform your properties. <br>No upfront investment. &nbsp;<\/p>\n<\/a>\n\n\n\n<a class=\"gb-element-0af87f22\" style=\"--inline-bg-image: url(https:\/\/qanta.energy\/wp-content\/uploads\/2025\/12\/qanta-energy-suisse.jpg)\" href=\"https:\/\/qanta.energy\/en\/you-are\/#commerce\">\n<h3 class=\"gb-text gb-text-a58b5647\">Commerce &amp; Industry<\/h3>\n\n\n\n<p class=\"gb-text gb-text-5f54f80c\">Decarbonize your operations. <br>Control your costs.<\/p>\n<\/a>\n\n\n\n<a class=\"gb-element-cebc7840\" style=\"--inline-bg-image: url(https:\/\/qanta.energy\/wp-content\/uploads\/2025\/12\/AdobeStock_602115767_Preview.jpeg)\" href=\"https:\/\/qanta.energy\/en\/you-are\/#private\">\n<h3 class=\"gb-text gb-text-e7b72dd6\">Private Owners &amp; Property Managers&nbsp;<\/h3>\n\n\n\n<p class=\"gb-text gb-text-d0450dd4\">Lower your energy costs.<br>Greater comfort.<\/p>\n<\/a>\n<\/div>\n<\/div>\n<\/div>\n\n\n\n<div class=\"alignfull anim-scale\">\n<div class=\"gbp-section__inner\">\n<h2 class=\"gb-text gb-text-302d1c51\">We combine the technologies that are right for your project.<\/h2>\n\n\n\n<h4 class=\"gb-text p-filet-left gb-text-3b910527\">We ensure performance. <br>Our interests are aligned with yours. <\/h4>\n\n\n\n<a class=\"gb-element-8e4779f5\" href=\"https:\/\/qanta.energy\/en\/our-solutions\/\">\n<div class=\"gb-element-03e474dd\">\n<div class=\"gb-element-ed91d981\" href=\"https:\/\/qanta.energy\/vous-etes\/#municipalites\">\n<h3 class=\"gb-text gb-text-01b80e58\">Solar PV &amp; Thermal<\/h3>\n<\/div>\n\n\n\n<div class=\"gb-element-d461a1a0\" style=\"--inline-bg-image: url(https:\/\/qanta.energy\/wp-content\/uploads\/2025\/12\/AdobeStock_451349901_Preview.jpeg)\" href=\"https:\/\/qanta.energy\/vous-etes\/#municipalites\">\n<h3 class=\"gb-text gb-text-cc5cfcd0\">Geothermal &amp; Geocooling<\/h3>\n<\/div>\n\n\n\n<div class=\"gb-element-e4457a1c\" style=\"--inline-bg-image: url(https:\/\/qanta.energy\/wp-content\/uploads\/2025\/12\/AdobeStock_451349901_Preview.jpeg)\" href=\"https:\/\/qanta.energy\/vous-etes\/#municipalites\">\n<h3 class=\"gb-text gb-text-a1fa4e80\">Lake-source Energy<\/h3>\n<\/div>\n\n\n\n<div class=\"gb-element-4b025eac\" style=\"--inline-bg-image: url(https:\/\/qanta.energy\/wp-content\/uploads\/2025\/12\/AdobeStock_451349901_Preview.jpeg)\" href=\"https:\/\/qanta.energy\/vous-etes\/#municipalites\">\n<h3 class=\"gb-text gb-text-d0070d2d\">Biomass<\/h3>\n<\/div>\n\n\n\n<div class=\"gb-element-18f99bd6\" style=\"--inline-bg-image: url(https:\/\/qanta.energy\/wp-content\/uploads\/2025\/12\/AdobeStock_451349901_Preview.jpeg)\" href=\"https:\/\/qanta.energy\/vous-etes\/#municipalites\">\n<h3 class=\"gb-text gb-text-a94e2a51\">Biogas<\/h3>\n<\/div>\n\n\n\n<div class=\"gb-element-444e6f76\" style=\"--inline-bg-image: url(https:\/\/qanta.energy\/wp-content\/uploads\/2025\/12\/AdobeStock_451349901_Preview.jpeg)\" href=\"https:\/\/qanta.energy\/vous-etes\/#municipalites\">\n<h3 class=\"gb-text gb-text-cd18101d\">Energy Efficiency<\/h3>\n<\/div>\n\n\n\n<div class=\"gb-element-893293d2\" style=\"--inline-bg-image: url(https:\/\/qanta.energy\/wp-content\/uploads\/2025\/12\/AdobeStock_451349901_Preview.jpeg)\" href=\"https:\/\/qanta.energy\/vous-etes\/#municipalites\">\n<h3 class=\"gb-text gb-text-33816247\">Waste Heat Recovery<\/h3>\n<\/div>\n\n\n\n<div class=\"gb-element-4e2198a3\" style=\"--inline-bg-image: url(https:\/\/qanta.energy\/wp-content\/uploads\/2025\/12\/AdobeStock_451349901_Preview.jpeg)\" href=\"https:\/\/qanta.energy\/vous-etes\/#municipalites\">\n<h3 class=\"gb-text gb-text-b9355dea\">Grid Flexibility<\/h3>\n<\/div>\n\n\n\n<div class=\"gb-element-ddded7a6\" style=\"--inline-bg-image: url(https:\/\/qanta.energy\/wp-content\/uploads\/2025\/12\/AdobeStock_451349901_Preview.jpeg)\" href=\"https:\/\/qanta.energy\/vous-etes\/#municipalites\">\n<h3 class=\"gb-text gb-text-4dd2a5a5\">Energy Storage<\/h3>\n<\/div>\n\n\n\n<div class=\"gb-element-26112936\" style=\"--inline-bg-image: url(https:\/\/qanta.energy\/wp-content\/uploads\/2025\/12\/AdobeStock_451349901_Preview.jpeg)\" href=\"https:\/\/qanta.energy\/vous-etes\/#municipalites\">\n<h3 class=\"gb-text gb-text-e91921dd\">EV Charging Infrastructure<\/h3>\n<\/div>\n<\/div>\n<\/a>\n<\/div>\n<\/div>\n\n\n\n<div class=\"gb-element-e369e01a\">\n<a class=\"gb-text boutonfilet gb-text-d44cad4e\" href=\"https:\/\/qanta.energy\/en\/our-solutions\/\">Solutions<\/a>\n\n\n\n<a class=\"gb-text boutonfilet gb-text-8223da18\" href=\"https:\/\/qanta.energy\/en\/our-approach\/\">Our Approach<\/a>\n\n\n\n<a class=\"gb-text boutonfilet gb-text-4aae7515\" href=\"https:\/\/qanta.energy\/en\/about-us\">About Qanta<\/a>\n<\/div>\n","protected":false},"excerpt":{"rendered":"<p>We invest, build and operate. You keep the savings. Up to 100% of project costs covered. Comprehensive project management by our team \u2013 from development to operation. Local production and consumption of decarbonized energy at reduced cost. We guide you through your energy transition. A tailored offer for your energy needs.District heating\/cooling networks, decentralized production, &#8230; <a title=\"Qanta\" class=\"read-more\" href=\"https:\/\/qanta.energy\/en\/\" aria-label=\"Read more about Qanta\">Read more<\/a><\/p>\n","protected":false},"author":1,"featured_media":0,"parent":0,"menu_order":0,"comment_status":"closed","ping_status":"closed","template":"","meta":{"_acf_changed":false,"footnotes":""},"class_list":["post-49757","page","type-page","status-publish"],"acf":[],"yoast_head":"<!-- This site is optimized with the Yoast SEO plugin v27.3 - https:\/\/yoast.com\/product\/yoast-seo-wordpress\/ -->\n<title>Qanta - Qanta Energy<\/title>\n<meta name=\"robots\" content=\"index, follow, max-snippet:-1, max-image-preview:large, max-video-preview:-1\" \/>\n<link rel=\"canonical\" href=\"https:\/\/qanta.energy\/en\/\" \/>\n<meta property=\"og:locale\" content=\"en_US\" \/>\n<meta property=\"og:type\" content=\"article\" \/>\n<meta property=\"og:title\" content=\"Qanta - Qanta Energy\" \/>\n<meta property=\"og:description\" content=\"We invest, build and operate. You keep the savings. Up to 100% of project costs covered. Comprehensive project management by our team \u2013 from development to operation. Local production and consumption of decarbonized energy at reduced cost. We guide you through your energy transition. A tailored offer for your energy needs.District heating\/cooling networks, decentralized production, ... Read more\" \/>\n<meta property=\"og:url\" content=\"https:\/\/qanta.energy\/en\/\" \/>\n<meta property=\"og:site_name\" content=\"Qanta Energy\" \/>\n<meta property=\"article:modified_time\" content=\"2026-02-09T10:29:57+00:00\" \/>\n<meta property=\"og:image\" content=\"https:\/\/qanta.energy\/wp-content\/uploads\/2026\/01\/pv-solar-qanta.jpg\" \/>\n\t<meta property=\"og:image:width\" content=\"800\" \/>\n\t<meta property=\"og:image:height\" content=\"800\" \/>\n\t<meta property=\"og:image:type\" content=\"image\/jpeg\" \/>\n<meta name=\"twitter:card\" content=\"summary_large_image\" \/>\n<script type=\"application\/ld+json\" class=\"yoast-schema-graph\">{\"@context\":\"https:\\\/\\\/schema.org\",\"@graph\":[{\"@type\":\"WebPage\",\"@id\":\"https:\\\/\\\/qanta.energy\\\/en\\\/\",\"url\":\"https:\\\/\\\/qanta.energy\\\/en\\\/\",\"name\":\"Qanta - Qanta Energy\",\"isPartOf\":{\"@id\":\"https:\\\/\\\/qanta.energy\\\/en\\\/#website\"},\"datePublished\":\"2025-12-08T08:10:39+00:00\",\"dateModified\":\"2026-02-09T10:29:57+00:00\",\"breadcrumb\":{\"@id\":\"https:\\\/\\\/qanta.energy\\\/en\\\/#breadcrumb\"},\"inLanguage\":\"en-US\",\"potentialAction\":[{\"@type\":\"ReadAction\",\"target\":[\"https:\\\/\\\/qanta.energy\\\/en\\\/\"]}]},{\"@type\":\"BreadcrumbList\",\"@id\":\"https:\\\/\\\/qanta.energy\\\/en\\\/#breadcrumb\",\"itemListElement\":[{\"@type\":\"ListItem\",\"position\":1,\"name\":\"Accueil\",\"item\":\"https:\\\/\\\/qanta.energy\\\/en\\\/\"},{\"@type\":\"ListItem\",\"position\":2,\"name\":\"Qanta\"}]},{\"@type\":\"WebSite\",\"@id\":\"https:\\\/\\\/qanta.energy\\\/en\\\/#website\",\"url\":\"https:\\\/\\\/qanta.energy\\\/en\\\/\",\"name\":\"Qanta Energy\",\"description\":\"Votre ind\u00e9pendance \u00e9nerg\u00e9tique sans investissement.\",\"publisher\":{\"@id\":\"https:\\\/\\\/qanta.energy\\\/en\\\/#organization\"},\"potentialAction\":[{\"@type\":\"SearchAction\",\"target\":{\"@type\":\"EntryPoint\",\"urlTemplate\":\"https:\\\/\\\/qanta.energy\\\/en\\\/?s={search_term_string}\"},\"query-input\":{\"@type\":\"PropertyValueSpecification\",\"valueRequired\":true,\"valueName\":\"search_term_string\"}}],\"inLanguage\":\"en-US\"},{\"@type\":\"Organization\",\"@id\":\"https:\\\/\\\/qanta.energy\\\/en\\\/#organization\",\"name\":\"Qanta Energy\",\"url\":\"https:\\\/\\\/qanta.energy\\\/en\\\/\",\"logo\":{\"@type\":\"ImageObject\",\"inLanguage\":\"en-US\",\"@id\":\"https:\\\/\\\/qanta.energy\\\/en\\\/#\\\/schema\\\/logo\\\/image\\\/\",\"url\":\"https:\\\/\\\/qanta.energy\\\/wp-content\\\/uploads\\\/2025\\\/12\\\/logo-qanta-energy-suisse.svg\",\"contentUrl\":\"https:\\\/\\\/qanta.energy\\\/wp-content\\\/uploads\\\/2025\\\/12\\\/logo-qanta-energy-suisse.svg\",\"width\":815,\"height\":161,\"caption\":\"Qanta Energy\"},\"image\":{\"@id\":\"https:\\\/\\\/qanta.energy\\\/en\\\/#\\\/schema\\\/logo\\\/image\\\/\"}}]}<\/script>\n<!-- \/ Yoast SEO plugin. -->","yoast_head_json":{"title":"Qanta - Qanta Energy","robots":{"index":"index","follow":"follow","max-snippet":"max-snippet:-1","max-image-preview":"max-image-preview:large","max-video-preview":"max-video-preview:-1"},"canonical":"https:\/\/qanta.energy\/en\/","og_locale":"en_US","og_type":"article","og_title":"Qanta - Qanta Energy","og_description":"We invest, build and operate. You keep the savings. Up to 100% of project costs covered. Comprehensive project management by our team \u2013 from development to operation. Local production and consumption of decarbonized energy at reduced cost. We guide you through your energy transition. A tailored offer for your energy needs.District heating\/cooling networks, decentralized production, ... Read more","og_url":"https:\/\/qanta.energy\/en\/","og_site_name":"Qanta Energy","article_modified_time":"2026-02-09T10:29:57+00:00","og_image":[{"width":800,"height":800,"url":"https:\/\/qanta.energy\/wp-content\/uploads\/2026\/01\/pv-solar-qanta.jpg","type":"image\/jpeg"}],"twitter_card":"summary_large_image","schema":{"@context":"https:\/\/schema.org","@graph":[{"@type":"WebPage","@id":"https:\/\/qanta.energy\/en\/","url":"https:\/\/qanta.energy\/en\/","name":"Qanta - Qanta Energy","isPartOf":{"@id":"https:\/\/qanta.energy\/en\/#website"},"datePublished":"2025-12-08T08:10:39+00:00","dateModified":"2026-02-09T10:29:57+00:00","breadcrumb":{"@id":"https:\/\/qanta.energy\/en\/#breadcrumb"},"inLanguage":"en-US","potentialAction":[{"@type":"ReadAction","target":["https:\/\/qanta.energy\/en\/"]}]},{"@type":"BreadcrumbList","@id":"https:\/\/qanta.energy\/en\/#breadcrumb","itemListElement":[{"@type":"ListItem","position":1,"name":"Accueil","item":"https:\/\/qanta.energy\/en\/"},{"@type":"ListItem","position":2,"name":"Qanta"}]},{"@type":"WebSite","@id":"https:\/\/qanta.energy\/en\/#website","url":"https:\/\/qanta.energy\/en\/","name":"Qanta Energy","description":"Votre ind\u00e9pendance \u00e9nerg\u00e9tique sans investissement.","publisher":{"@id":"https:\/\/qanta.energy\/en\/#organization"},"potentialAction":[{"@type":"SearchAction","target":{"@type":"EntryPoint","urlTemplate":"https:\/\/qanta.energy\/en\/?s={search_term_string}"},"query-input":{"@type":"PropertyValueSpecification","valueRequired":true,"valueName":"search_term_string"}}],"inLanguage":"en-US"},{"@type":"Organization","@id":"https:\/\/qanta.energy\/en\/#organization","name":"Qanta Energy","url":"https:\/\/qanta.energy\/en\/","logo":{"@type":"ImageObject","inLanguage":"en-US","@id":"https:\/\/qanta.energy\/en\/#\/schema\/logo\/image\/","url":"https:\/\/qanta.energy\/wp-content\/uploads\/2025\/12\/logo-qanta-energy-suisse.svg","contentUrl":"https:\/\/qanta.energy\/wp-content\/uploads\/2025\/12\/logo-qanta-energy-suisse.svg","width":815,"height":161,"caption":"Qanta Energy"},"image":{"@id":"https:\/\/qanta.energy\/en\/#\/schema\/logo\/image\/"}}]}},"_links":{"self":[{"href":"https:\/\/qanta.energy\/en\/wp-json\/wp\/v2\/pages\/49757","targetHints":{"allow":["GET"]}}],"collection":[{"href":"https:\/\/qanta.energy\/en\/wp-json\/wp\/v2\/pages"}],"about":[{"href":"https:\/\/qanta.energy\/en\/wp-json\/wp\/v2\/types\/page"}],"author":[{"embeddable":true,"href":"https:\/\/qanta.energy\/en\/wp-json\/wp\/v2\/users\/1"}],"replies":[{"embeddable":true,"href":"https:\/\/qanta.energy\/en\/wp-json\/wp\/v2\/comments?post=49757"}],"version-history":[{"count":3,"href":"https:\/\/qanta.energy\/en\/wp-json\/wp\/v2\/pages\/49757\/revisions"}],"predecessor-version":[{"id":53066,"href":"https:\/\/qanta.energy\/en\/wp-json\/wp\/v2\/pages\/49757\/revisions\/53066"}],"wp:attachment":[{"href":"https:\/\/qanta.energy\/en\/wp-json\/wp\/v2\/media?parent=49757"}],"curies":[{"name":"wp","href":"https:\/\/api.w.org\/{rel}","templated":true}]}}