{"id":49781,"date":"2025-12-09T10:11:26","date_gmt":"2025-12-09T09:11:26","guid":{"rendered":"https:\/\/qanta.marie-rabault.com\/?page_id=49781"},"modified":"2026-02-08T12:23:56","modified_gmt":"2026-02-08T11:23:56","slug":"you-are","status":"publish","type":"page","link":"https:\/\/qanta.energy\/en\/you-are\/","title":{"rendered":"You Are\u00a0"},"content":{"rendered":"\n<div class=\"wp-block-cover alignfull\" style=\"min-height:200px;aspect-ratio:unset;\"><video class=\"wp-block-cover__video-background intrinsic-ignore\" autoplay muted loop playsinline src=\"https:\/\/qanta.energy\/wp-content\/uploads\/2025\/12\/energy-qanta.mp4\" poster=\"https:\/\/qanta.energy\/wp-content\/uploads\/2025\/12\/couverture-qanta.jpg\" data-object-fit=\"cover\"><\/video><span aria-hidden=\"true\" class=\"wp-block-cover__background has-contrast-background-color has-background-dim-70 has-background-dim\"><\/span><div class=\"wp-block-cover__inner-container is-layout-constrained wp-block-cover-is-layout-constrained\">\n<div class=\"banniere-inner\">\n<h1 class=\"gb-text\">Your Energy Transition Today&nbsp;<\/h1>\n\n\n\n<p class=\"gb-text gb-text-f50a5020\">Become compliant and sustainable, without the financial burden.<\/p>\n<\/div>\n<\/div><\/div>\n\n\n\n<div class=\"big-container-filet alignfull anim-scale\" id=\"municipalities\">\n<div class=\"gb-element-bf2d8991\">\n<div class=\"gb-element-da898a00\">\n<div>\n<h2 class=\"gb-text\">Municipality&nbsp;<\/h2>\n\n\n\n<h4 class=\"gb-text sous-titre\">Modernise your infrastructure. <br>Strengthen your local energy sovereignty.&nbsp;<\/h4>\n\n\n\n<p>Qanta partners with municipalities to deliver complete energy transition solutions\u2014upgrading existing infrastructure and developing new systems that serve communities for the long term.<\/p>\n\n\n\n<p>We create and lead consortia comprised of municipalities, local utilities, specialist advisors, and construction partners to answer your calls for tender. Our expertise spans from feasibility studies (SIA phase 3) to co-development, construction (SIA phase 5), and operation.<\/p>\n\n\n\n<p>We provide flexible co-investment solutions, enabling shared ownership of a Special Purpose Vehicle (SPV) with the municipality. This collaborative approach, based on long-term contracts, ensures the infrastructure meets today\u2019s needs while remaining adaptable to future demand.<\/p>\n\n\n\n<p><strong>Qanta investment: 10 to 30 Million CHF<\/strong><\/p>\n\n\n\n<a class=\"gb-text boutonfilet\" href=\"https:\/\/qanta.energy\/en\/our-solutions\/\">Discover our solutions<\/a>\n<\/div>\n\n\n\n<div>\n<img loading=\"lazy\" decoding=\"async\" width=\"800\" height=\"800\" class=\"gb-media-334987e5\" alt=\"\" title=\"qanta-ecole-solaire-suisse\" src=\"https:\/\/qanta.energy\/wp-content\/uploads\/2025\/12\/qanta-ecole-solaire-suisse.jpg\" srcset=\"https:\/\/qanta.energy\/wp-content\/uploads\/2025\/12\/qanta-ecole-solaire-suisse.jpg 800w, https:\/\/qanta.energy\/wp-content\/uploads\/2025\/12\/qanta-ecole-solaire-suisse-300x300.jpg 300w, https:\/\/qanta.energy\/wp-content\/uploads\/2025\/12\/qanta-ecole-solaire-suisse-150x150.jpg 150w, https:\/\/qanta.energy\/wp-content\/uploads\/2025\/12\/qanta-ecole-solaire-suisse-768x768.jpg 768w\" sizes=\"auto, (max-width: 800px) 100vw, 800px\" \/>\n<\/div>\n<\/div>\n<\/div>\n<\/div>\n\n\n\n<div class=\"big-container-filet alignfull anim-scale\" id=\"real-estate\">\n<div class=\"gbp-section__inner\">\n<div class=\"gb-element-f3e00c6d\">\n<div>\n<h2 class=\"gb-text\">Real Estate Owner&nbsp;<\/h2>\n\n\n\n<h4 class=\"gb-text sous-titre\">Transform your properties. <br>No upfront investment. &nbsp;<\/h4>\n\n\n\n<p>Qanta works with institutional real estate developers and owners to design or modernize buildings and city districts, ensuring high energy performance.&nbsp;<\/p>\n\n\n\n<p>Our solutions provide you with renewable heating\/cooling, renewable power, energy storage, and e-mobility infrastructure through <a href=\"https:\/\/qanta.energy\/en\/our-solutions\/#energy-contracting\" data-type=\"page\" data-id=\"49791\">Energy Contracting<\/a>.<\/p>\n\n\n\n<p>Our <a href=\"https:\/\/qanta.energy\/en\/our-solutions\/#energy-performance\">Energy Performance Contracts<\/a> allow you to renovate and optimize your buildings.<\/p>\n\n\n\n<p>We enable you to control your energy costs and enhance the long-term value of your portfolio.&nbsp;<\/p>\n\n\n\n<p><strong><strong>Qanta investment<\/strong>: 2 to 10 Million CHF<\/strong><\/p>\n\n\n\n<a class=\"gb-text boutonfilet\" href=\"https:\/\/qanta.energy\/en\/our-solutions\/\">Discover our solutions<\/a>\n<\/div>\n\n\n\n<div>\n<img loading=\"lazy\" decoding=\"async\" width=\"1000\" height=\"1046\" class=\"gb-media-2a4dfaec\" alt=\"\" title=\"qanta-contract-performance-energy\" src=\"https:\/\/qanta.energy\/wp-content\/uploads\/2025\/12\/qanta-contract-performance-energy.jpg\" srcset=\"https:\/\/qanta.energy\/wp-content\/uploads\/2025\/12\/qanta-contract-performance-energy.jpg 1000w, https:\/\/qanta.energy\/wp-content\/uploads\/2025\/12\/qanta-contract-performance-energy-287x300.jpg 287w, https:\/\/qanta.energy\/wp-content\/uploads\/2025\/12\/qanta-contract-performance-energy-979x1024.jpg 979w, https:\/\/qanta.energy\/wp-content\/uploads\/2025\/12\/qanta-contract-performance-energy-768x803.jpg 768w\" sizes=\"auto, (max-width: 1000px) 100vw, 1000px\" \/>\n<\/div>\n<\/div>\n<\/div>\n<\/div>\n\n\n\n<div class=\"big-container-filet alignfull anim-scale\" id=\"commerce\">\n<div class=\"gbp-section__inner\">\n<div class=\"gb-element-2a86c9ef\">\n<div>\n<h2 class=\"gb-text\">Commerce &amp; Industry<\/h2>\n\n\n\n<h4 class=\"gb-text sous-titre\">Decarbonise your operations. <br>Control your costs.<\/h4>\n\n\n\n<p>We upgrade your existing facilities by deploying renewable heating, cooling, and power systems to optimize the energy management of your techical facilities.\u00a0<\/p>\n\n\n\n<p>By outsourcing your energy-related financial and operational risks to Qanta through <a href=\"https:\/\/qanta.energy\/en\/our-solutions\/#energy-contracting\">Energy Contracting<\/a>, you free up resources to focus on your core business.&nbsp;<\/p>\n\n\n\n<p>We help you control your long-term energy costs, achieve energy independence, and reduce your carbon footprint.&nbsp;<\/p>\n\n\n\n<p><strong><strong>Qanta investment<\/strong>: 1 to 5 Million CHF<\/strong><\/p>\n\n\n\n<a class=\"gb-text boutonfilet\" href=\"https:\/\/qanta.energy\/en\/our-solutions\/\">Discover our solutions<\/a>\n<\/div>\n\n\n\n<div>\n<img loading=\"lazy\" decoding=\"async\" width=\"1200\" height=\"1200\" class=\"gb-media-7a492c13\" alt=\"\" title=\"industry-qanta-energy\" src=\"https:\/\/qanta.energy\/wp-content\/uploads\/2026\/01\/industry-qanta-energy.jpg\" srcset=\"https:\/\/qanta.energy\/wp-content\/uploads\/2026\/01\/industry-qanta-energy.jpg 1200w, https:\/\/qanta.energy\/wp-content\/uploads\/2026\/01\/industry-qanta-energy-300x300.jpg 300w, https:\/\/qanta.energy\/wp-content\/uploads\/2026\/01\/industry-qanta-energy-1024x1024.jpg 1024w, https:\/\/qanta.energy\/wp-content\/uploads\/2026\/01\/industry-qanta-energy-150x150.jpg 150w, https:\/\/qanta.energy\/wp-content\/uploads\/2026\/01\/industry-qanta-energy-768x768.jpg 768w, https:\/\/qanta.energy\/wp-content\/uploads\/2026\/01\/industry-qanta-energy-500x500.jpg 500w, https:\/\/qanta.energy\/wp-content\/uploads\/2026\/01\/industry-qanta-energy-800x800.jpg 800w\" sizes=\"auto, (max-width: 1200px) 100vw, 1200px\" \/>\n<\/div>\n<\/div>\n<\/div>\n<\/div>\n\n\n\n<div class=\"big-container-filet alignfull anim-scale\" id=\"private\">\n<div class=\"gb-element-d8738246\">\n<div class=\"gb-element-f7e2d5b1\">\n<div>\n<h2 class=\"gb-text\">Private Owner &amp; Property Manager<\/h2>\n\n\n\n<h4 class=\"gb-text sous-titre\">Lower your energy costs. <br>Greater comfort.&nbsp;<\/h4>\n\n\n\n<p>If you are a property manager or private real estate owner with a energy reference area (ERA) over 2&#8217;000 m<sup>2<\/sup>, we deliver fully financed energy transition solutions tailored to your needs.&nbsp;<\/p>\n\n\n\n<p>We upgrade your existing buildings by deploying renewable heating\/cooling, energy storage, power production systems, and e-mobility charging infrastructure. You benefit from our fully financed solutions via <a href=\"https:\/\/qanta.energy\/en\/our-solutions\/#energy-contracting\">Energy Contracting <\/a>or, for energy efficiency improvements, via <a href=\"https:\/\/qanta.energy\/en\/our-solutions\/#energy-performance\">Energy Performance Contracts<\/a>.&nbsp;<\/p>\n\n\n\n<p>You enjoy affordable, locally produced energy and transparent billing. Our systems optimise your consumption, stabilise your prices, and increase the long-term value of your property.<\/p>\n\n\n\n<p><strong><strong>Qanta investment<\/strong>: 1 to 3 Million CHF<\/strong><\/p>\n\n\n\n<a class=\"gb-text boutonfilet\" href=\"https:\/\/qanta.energy\/en\/our-solutions\/\">Discover our solutions<\/a>\n<\/div>\n\n\n\n<div>\n<img loading=\"lazy\" decoding=\"async\" width=\"800\" height=\"800\" class=\"gb-media-093a3a2c\" alt=\"\" title=\"qanta-solaire-particulier\" src=\"https:\/\/qanta.energy\/wp-content\/uploads\/2025\/12\/qanta-solaire-particulier.jpg\" srcset=\"https:\/\/qanta.energy\/wp-content\/uploads\/2025\/12\/qanta-solaire-particulier.jpg 800w, https:\/\/qanta.energy\/wp-content\/uploads\/2025\/12\/qanta-solaire-particulier-300x300.jpg 300w, https:\/\/qanta.energy\/wp-content\/uploads\/2025\/12\/qanta-solaire-particulier-150x150.jpg 150w, https:\/\/qanta.energy\/wp-content\/uploads\/2025\/12\/qanta-solaire-particulier-768x768.jpg 768w\" sizes=\"auto, (max-width: 800px) 100vw, 800px\" \/>\n<\/div>\n<\/div>\n<\/div>\n<\/div>\n","protected":false},"excerpt":{"rendered":"<p>Municipality&nbsp; Modernise your infrastructure. Strengthen your local energy sovereignty.&nbsp; Qanta partners with municipalities to deliver complete energy transition solutions\u2014upgrading existing infrastructure and developing new systems that serve communities for the long term. We create and lead consortia comprised of municipalities, local utilities, specialist advisors, and construction partners to answer your calls for tender. Our expertise &#8230; <a title=\"You Are\u00a0\" class=\"read-more\" href=\"https:\/\/qanta.energy\/en\/you-are\/\" aria-label=\"Read more about You Are\u00a0\">Read more<\/a><\/p>\n","protected":false},"author":1,"featured_media":0,"parent":0,"menu_order":10,"comment_status":"closed","ping_status":"closed","template":"","meta":{"_acf_changed":false,"footnotes":""},"class_list":["post-49781","page","type-page","status-publish"],"acf":[],"yoast_head":"<!-- This site is optimized with the Yoast SEO plugin v27.4 - https:\/\/yoast.com\/product\/yoast-seo-wordpress\/ -->\n<title>You Are\u00a0 - Qanta Energy<\/title>\n<meta name=\"robots\" content=\"index, follow, max-snippet:-1, max-image-preview:large, max-video-preview:-1\" \/>\n<link rel=\"canonical\" href=\"https:\/\/qanta.energy\/en\/you-are\/\" \/>\n<meta property=\"og:locale\" content=\"en_US\" \/>\n<meta property=\"og:type\" content=\"article\" \/>\n<meta property=\"og:title\" content=\"You Are\u00a0 - Qanta Energy\" \/>\n<meta property=\"og:description\" content=\"Municipality&nbsp; Modernise your infrastructure. Strengthen your local energy sovereignty.&nbsp; Qanta partners with municipalities to deliver complete energy transition solutions\u2014upgrading existing infrastructure and developing new systems that serve communities for the long term. We create and lead consortia comprised of municipalities, local utilities, specialist advisors, and construction partners to answer your calls for tender. Our expertise ... Read more\" \/>\n<meta property=\"og:url\" content=\"https:\/\/qanta.energy\/en\/you-are\/\" \/>\n<meta property=\"og:site_name\" content=\"Qanta Energy\" \/>\n<meta property=\"article:modified_time\" content=\"2026-02-08T11:23:56+00:00\" \/>\n<meta property=\"og:image\" content=\"https:\/\/qanta.energy\/wp-content\/uploads\/2025\/12\/qanta-ecole-solaire-suisse.jpg\" \/>\n<meta name=\"twitter:card\" content=\"summary_large_image\" \/>\n<script type=\"application\/ld+json\" class=\"yoast-schema-graph\">{\"@context\":\"https:\\\/\\\/schema.org\",\"@graph\":[{\"@type\":\"WebPage\",\"@id\":\"https:\\\/\\\/qanta.energy\\\/en\\\/you-are\\\/\",\"url\":\"https:\\\/\\\/qanta.energy\\\/en\\\/you-are\\\/\",\"name\":\"You Are\u00a0 - Qanta Energy\",\"isPartOf\":{\"@id\":\"https:\\\/\\\/qanta.energy\\\/en\\\/#website\"},\"primaryImageOfPage\":{\"@id\":\"https:\\\/\\\/qanta.energy\\\/en\\\/you-are\\\/#primaryimage\"},\"image\":{\"@id\":\"https:\\\/\\\/qanta.energy\\\/en\\\/you-are\\\/#primaryimage\"},\"thumbnailUrl\":\"https:\\\/\\\/qanta.energy\\\/wp-content\\\/uploads\\\/2025\\\/12\\\/qanta-ecole-solaire-suisse.jpg\",\"datePublished\":\"2025-12-09T09:11:26+00:00\",\"dateModified\":\"2026-02-08T11:23:56+00:00\",\"breadcrumb\":{\"@id\":\"https:\\\/\\\/qanta.energy\\\/en\\\/you-are\\\/#breadcrumb\"},\"inLanguage\":\"en-US\",\"potentialAction\":[{\"@type\":\"ReadAction\",\"target\":[\"https:\\\/\\\/qanta.energy\\\/en\\\/you-are\\\/\"]}]},{\"@type\":\"ImageObject\",\"inLanguage\":\"en-US\",\"@id\":\"https:\\\/\\\/qanta.energy\\\/en\\\/you-are\\\/#primaryimage\",\"url\":\"https:\\\/\\\/qanta.energy\\\/wp-content\\\/uploads\\\/2025\\\/12\\\/qanta-ecole-solaire-suisse.jpg\",\"contentUrl\":\"https:\\\/\\\/qanta.energy\\\/wp-content\\\/uploads\\\/2025\\\/12\\\/qanta-ecole-solaire-suisse.jpg\"},{\"@type\":\"BreadcrumbList\",\"@id\":\"https:\\\/\\\/qanta.energy\\\/en\\\/you-are\\\/#breadcrumb\",\"itemListElement\":[{\"@type\":\"ListItem\",\"position\":1,\"name\":\"Accueil\",\"item\":\"https:\\\/\\\/qanta.energy\\\/en\\\/\"},{\"@type\":\"ListItem\",\"position\":2,\"name\":\"You Are\u00a0\"}]},{\"@type\":\"WebSite\",\"@id\":\"https:\\\/\\\/qanta.energy\\\/en\\\/#website\",\"url\":\"https:\\\/\\\/qanta.energy\\\/en\\\/\",\"name\":\"Qanta Energy\",\"description\":\"Votre ind\u00e9pendance \u00e9nerg\u00e9tique sans investissement.\",\"publisher\":{\"@id\":\"https:\\\/\\\/qanta.energy\\\/en\\\/#organization\"},\"potentialAction\":[{\"@type\":\"SearchAction\",\"target\":{\"@type\":\"EntryPoint\",\"urlTemplate\":\"https:\\\/\\\/qanta.energy\\\/en\\\/?s={search_term_string}\"},\"query-input\":{\"@type\":\"PropertyValueSpecification\",\"valueRequired\":true,\"valueName\":\"search_term_string\"}}],\"inLanguage\":\"en-US\"},{\"@type\":\"Organization\",\"@id\":\"https:\\\/\\\/qanta.energy\\\/en\\\/#organization\",\"name\":\"Qanta Energy\",\"url\":\"https:\\\/\\\/qanta.energy\\\/en\\\/\",\"logo\":{\"@type\":\"ImageObject\",\"inLanguage\":\"en-US\",\"@id\":\"https:\\\/\\\/qanta.energy\\\/en\\\/#\\\/schema\\\/logo\\\/image\\\/\",\"url\":\"https:\\\/\\\/qanta.energy\\\/wp-content\\\/uploads\\\/2025\\\/12\\\/logo-qanta-energy-suisse.svg\",\"contentUrl\":\"https:\\\/\\\/qanta.energy\\\/wp-content\\\/uploads\\\/2025\\\/12\\\/logo-qanta-energy-suisse.svg\",\"width\":815,\"height\":161,\"caption\":\"Qanta Energy\"},\"image\":{\"@id\":\"https:\\\/\\\/qanta.energy\\\/en\\\/#\\\/schema\\\/logo\\\/image\\\/\"}}]}<\/script>\n<!-- \/ Yoast SEO plugin. -->","yoast_head_json":{"title":"You Are\u00a0 - Qanta Energy","robots":{"index":"index","follow":"follow","max-snippet":"max-snippet:-1","max-image-preview":"max-image-preview:large","max-video-preview":"max-video-preview:-1"},"canonical":"https:\/\/qanta.energy\/en\/you-are\/","og_locale":"en_US","og_type":"article","og_title":"You Are\u00a0 - Qanta Energy","og_description":"Municipality&nbsp; Modernise your infrastructure. Strengthen your local energy sovereignty.&nbsp; Qanta partners with municipalities to deliver complete energy transition solutions\u2014upgrading existing infrastructure and developing new systems that serve communities for the long term. We create and lead consortia comprised of municipalities, local utilities, specialist advisors, and construction partners to answer your calls for tender. Our expertise ... Read more","og_url":"https:\/\/qanta.energy\/en\/you-are\/","og_site_name":"Qanta Energy","article_modified_time":"2026-02-08T11:23:56+00:00","og_image":[{"url":"https:\/\/qanta.energy\/wp-content\/uploads\/2025\/12\/qanta-ecole-solaire-suisse.jpg","type":"","width":"","height":""}],"twitter_card":"summary_large_image","schema":{"@context":"https:\/\/schema.org","@graph":[{"@type":"WebPage","@id":"https:\/\/qanta.energy\/en\/you-are\/","url":"https:\/\/qanta.energy\/en\/you-are\/","name":"You Are\u00a0 - Qanta Energy","isPartOf":{"@id":"https:\/\/qanta.energy\/en\/#website"},"primaryImageOfPage":{"@id":"https:\/\/qanta.energy\/en\/you-are\/#primaryimage"},"image":{"@id":"https:\/\/qanta.energy\/en\/you-are\/#primaryimage"},"thumbnailUrl":"https:\/\/qanta.energy\/wp-content\/uploads\/2025\/12\/qanta-ecole-solaire-suisse.jpg","datePublished":"2025-12-09T09:11:26+00:00","dateModified":"2026-02-08T11:23:56+00:00","breadcrumb":{"@id":"https:\/\/qanta.energy\/en\/you-are\/#breadcrumb"},"inLanguage":"en-US","potentialAction":[{"@type":"ReadAction","target":["https:\/\/qanta.energy\/en\/you-are\/"]}]},{"@type":"ImageObject","inLanguage":"en-US","@id":"https:\/\/qanta.energy\/en\/you-are\/#primaryimage","url":"https:\/\/qanta.energy\/wp-content\/uploads\/2025\/12\/qanta-ecole-solaire-suisse.jpg","contentUrl":"https:\/\/qanta.energy\/wp-content\/uploads\/2025\/12\/qanta-ecole-solaire-suisse.jpg"},{"@type":"BreadcrumbList","@id":"https:\/\/qanta.energy\/en\/you-are\/#breadcrumb","itemListElement":[{"@type":"ListItem","position":1,"name":"Accueil","item":"https:\/\/qanta.energy\/en\/"},{"@type":"ListItem","position":2,"name":"You Are\u00a0"}]},{"@type":"WebSite","@id":"https:\/\/qanta.energy\/en\/#website","url":"https:\/\/qanta.energy\/en\/","name":"Qanta Energy","description":"Votre ind\u00e9pendance \u00e9nerg\u00e9tique sans investissement.","publisher":{"@id":"https:\/\/qanta.energy\/en\/#organization"},"potentialAction":[{"@type":"SearchAction","target":{"@type":"EntryPoint","urlTemplate":"https:\/\/qanta.energy\/en\/?s={search_term_string}"},"query-input":{"@type":"PropertyValueSpecification","valueRequired":true,"valueName":"search_term_string"}}],"inLanguage":"en-US"},{"@type":"Organization","@id":"https:\/\/qanta.energy\/en\/#organization","name":"Qanta Energy","url":"https:\/\/qanta.energy\/en\/","logo":{"@type":"ImageObject","inLanguage":"en-US","@id":"https:\/\/qanta.energy\/en\/#\/schema\/logo\/image\/","url":"https:\/\/qanta.energy\/wp-content\/uploads\/2025\/12\/logo-qanta-energy-suisse.svg","contentUrl":"https:\/\/qanta.energy\/wp-content\/uploads\/2025\/12\/logo-qanta-energy-suisse.svg","width":815,"height":161,"caption":"Qanta Energy"},"image":{"@id":"https:\/\/qanta.energy\/en\/#\/schema\/logo\/image\/"}}]}},"_links":{"self":[{"href":"https:\/\/qanta.energy\/en\/wp-json\/wp\/v2\/pages\/49781","targetHints":{"allow":["GET"]}}],"collection":[{"href":"https:\/\/qanta.energy\/en\/wp-json\/wp\/v2\/pages"}],"about":[{"href":"https:\/\/qanta.energy\/en\/wp-json\/wp\/v2\/types\/page"}],"author":[{"embeddable":true,"href":"https:\/\/qanta.energy\/en\/wp-json\/wp\/v2\/users\/1"}],"replies":[{"embeddable":true,"href":"https:\/\/qanta.energy\/en\/wp-json\/wp\/v2\/comments?post=49781"}],"version-history":[{"count":3,"href":"https:\/\/qanta.energy\/en\/wp-json\/wp\/v2\/pages\/49781\/revisions"}],"predecessor-version":[{"id":53057,"href":"https:\/\/qanta.energy\/en\/wp-json\/wp\/v2\/pages\/49781\/revisions\/53057"}],"wp:attachment":[{"href":"https:\/\/qanta.energy\/en\/wp-json\/wp\/v2\/media?parent=49781"}],"curies":[{"name":"wp","href":"https:\/\/api.w.org\/{rel}","templated":true}]}}