{"id":49798,"date":"2025-12-09T10:15:13","date_gmt":"2025-12-09T09:15:13","guid":{"rendered":"https:\/\/qanta.marie-rabault.com\/?page_id=49798"},"modified":"2026-02-06T16:06:31","modified_gmt":"2026-02-06T15:06:31","slug":"about-us","status":"publish","type":"page","link":"https:\/\/qanta.energy\/en\/about-us\/","title":{"rendered":"We Are"},"content":{"rendered":"\n<div class=\"wp-block-cover alignfull\" style=\"min-height:200px;aspect-ratio:unset;\"><video class=\"wp-block-cover__video-background intrinsic-ignore\" autoplay muted loop playsinline src=\"https:\/\/qanta.energy\/wp-content\/uploads\/2025\/12\/energy-qanta.mp4\" poster=\"https:\/\/qanta.energy\/wp-content\/uploads\/2025\/12\/couverture-qanta.jpg\" data-object-fit=\"cover\"><\/video><span aria-hidden=\"true\" class=\"wp-block-cover__background has-contrast-background-color has-background-dim-70 has-background-dim\"><\/span><div class=\"wp-block-cover__inner-container is-layout-constrained wp-block-cover-is-layout-constrained\">\n<div class=\"banniere-inner\">\n<h1 class=\"gb-text\">We are a Swiss independent energy producer.<\/h1>\n\n\n\n<p class=\"gb-text gb-text-f50a5020\">Our mission is to enable new ways to sustainably produce and locally consume energy.<\/p>\n<\/div>\n<\/div><\/div>\n\n\n\n<div class=\"gb-element-890a7115\">\n<h2 class=\"gb-text gb-text-6a12477f\">Active since 2010 in the energy transition.<\/h2>\n\n\n\n<div class=\"gb-element-6bb60119\">\n<div>\n<p class=\"gb-text gb-text-933e8137\">During our 15 years of experience, we have built large-scale infrastructure projects that generate enough decarbonized energy to power the equivalent of 25,000 households across Europe.<\/p>\n<\/div>\n\n\n\n<div class=\"gb-element-a67f9dd2\">\n<a class=\"gb-text gb-text-9b60b2b6\" href=\"https:\/\/qanta.energy\/en\/from-adiant-capital-to-qanta-energy-contributing-to-energy-sovereignty-for-over-a-decade\/\">Find out more<\/a>\n<\/div>\n<\/div>\n<\/div>\n\n\n\n<div class=\"big-container-filet alignfull\">\n<div class=\"gbp-section__inner\">\n<h2 class=\"gb-text gb-text-baaa1073\">Your dedicated team of experts.<\/h2>\n\n\n\n<div class=\"gb-element-a75f130f\">\n<div>\n<div class=\" img-filtre-bleu\">\n<a target=\"\" href=\"https:\/\/qanta.energy\/en\/about-us\/caijo-pierre-loic\/\"><img loading=\"lazy\" decoding=\"async\" width=\"1000\" height=\"800\" src=\"https:\/\/qanta.energy\/wp-content\/uploads\/2025\/12\/qanta-energy-pierreloic-caijo.jpg\" alt=\"\" srcset=\"https:\/\/qanta.energy\/wp-content\/uploads\/2025\/12\/qanta-energy-pierreloic-caijo.jpg 1000w, https:\/\/qanta.energy\/wp-content\/uploads\/2025\/12\/qanta-energy-pierreloic-caijo-300x240.jpg 300w, https:\/\/qanta.energy\/wp-content\/uploads\/2025\/12\/qanta-energy-pierreloic-caijo-768x614.jpg 768w\" sizes=\"auto, (max-width: 1000px) 100vw, 1000px\" \/><\/a>\n<\/div>\n\n\n\n<h4 class=\"gb-text gb-text-0db47672\">Pierre-Lo\u00efc Ca\u00efjo<\/h4>\n\n\n\n<p class=\"gb-text gb-text-f5b49cde\">Chief Executive Officer<\/p>\n<\/div>\n\n\n\n<div>\n<div class=\" img-filtre-bleu\">\n<a href=\"https:\/\/qanta.energy\/en\/about-us\/barraille-pierre-antoine\/\"><img loading=\"lazy\" decoding=\"async\" width=\"1000\" height=\"800\" class=\"gb-media-a2fbd195\" alt=\"\" title=\"qanta-energy-pierre-antoine-baraille\" src=\"https:\/\/qanta.energy\/wp-content\/uploads\/2025\/12\/qanta-energy-pierre-antoine-baraille.jpg\" srcset=\"https:\/\/qanta.energy\/wp-content\/uploads\/2025\/12\/qanta-energy-pierre-antoine-baraille.jpg 1000w, https:\/\/qanta.energy\/wp-content\/uploads\/2025\/12\/qanta-energy-pierre-antoine-baraille-300x240.jpg 300w, https:\/\/qanta.energy\/wp-content\/uploads\/2025\/12\/qanta-energy-pierre-antoine-baraille-768x614.jpg 768w\" sizes=\"auto, (max-width: 1000px) 100vw, 1000px\" \/><\/a>\n<\/div>\n\n\n\n<h4 class=\"gb-text gb-text-28ff4067\">Pierre-Antoine Barraill\u00e9<\/h4>\n\n\n\n<p class=\"gb-text gb-text-19ce8b42\">Chief Operating Officer<\/p>\n<\/div>\n\n\n\n<div>\n<div class=\" img-filtre-bleu\">\n<a href=\"https:\/\/qanta.energy\/en\/about-us\/michael-mitchell\/\"><img loading=\"lazy\" decoding=\"async\" width=\"1000\" height=\"800\" class=\"gb-media-7a504ea0\" alt=\"\" title=\"qanta-energy-michael-mitchell\" src=\"https:\/\/qanta.energy\/wp-content\/uploads\/2025\/12\/qanta-energy-michael-mitchell.jpg\" srcset=\"https:\/\/qanta.energy\/wp-content\/uploads\/2025\/12\/qanta-energy-michael-mitchell.jpg 1000w, https:\/\/qanta.energy\/wp-content\/uploads\/2025\/12\/qanta-energy-michael-mitchell-300x240.jpg 300w, https:\/\/qanta.energy\/wp-content\/uploads\/2025\/12\/qanta-energy-michael-mitchell-768x614.jpg 768w\" sizes=\"auto, (max-width: 1000px) 100vw, 1000px\" \/><\/a>\n<\/div>\n\n\n\n<h4 class=\"gb-text gb-text-784cde1e\">Michael Mitchell<\/h4>\n\n\n\n<p class=\"gb-text gb-text-3f495a74\">Chief Marketing Officer<\/p>\n<\/div>\n\n\n\n<div>\n<div class=\" img-filtre-bleu\">\n<a href=\"https:\/\/qanta.energy\/en\/about-us\/giulio-caimi\/\"><img loading=\"lazy\" decoding=\"async\" width=\"1000\" height=\"801\" class=\"gb-media-c88ba956\" alt=\"\" title=\"qanta-giulio-caimi\" src=\"https:\/\/qanta.energy\/wp-content\/uploads\/2025\/12\/qanta-giulio-caimi.jpg\" srcset=\"https:\/\/qanta.energy\/wp-content\/uploads\/2025\/12\/qanta-giulio-caimi.jpg 1000w, https:\/\/qanta.energy\/wp-content\/uploads\/2025\/12\/qanta-giulio-caimi-300x240.jpg 300w, https:\/\/qanta.energy\/wp-content\/uploads\/2025\/12\/qanta-giulio-caimi-768x615.jpg 768w\" sizes=\"auto, (max-width: 1000px) 100vw, 1000px\" \/><\/a>\n<\/div>\n\n\n\n<h4 class=\"gb-text gb-text-fd575b15\">Giulio Caimi<\/h4>\n\n\n\n<p class=\"gb-text gb-text-d34bc225\">VP Business Development<\/p>\n<\/div>\n\n\n\n<div>\n<div class=\" img-filtre-bleu\">\n<a href=\"https:\/\/qanta.energy\/en\/about-us\/isler-marc\/\"><img loading=\"lazy\" decoding=\"async\" width=\"1000\" height=\"800\" class=\"gb-media-a3933824\" alt=\"\" title=\"qanta-energy-marc-isler\" src=\"https:\/\/qanta.energy\/wp-content\/uploads\/2025\/12\/qanta-energy-marc-isler.jpg\" srcset=\"https:\/\/qanta.energy\/wp-content\/uploads\/2025\/12\/qanta-energy-marc-isler.jpg 1000w, https:\/\/qanta.energy\/wp-content\/uploads\/2025\/12\/qanta-energy-marc-isler-300x240.jpg 300w, https:\/\/qanta.energy\/wp-content\/uploads\/2025\/12\/qanta-energy-marc-isler-768x614.jpg 768w\" sizes=\"auto, (max-width: 1000px) 100vw, 1000px\" \/><\/a>\n<\/div>\n\n\n\n<h4 class=\"gb-text gb-text-ef0a019c\">Marc Isler<\/h4>\n\n\n\n<p class=\"gb-text gb-text-5974671d\">Head of Project Development<\/p>\n<\/div>\n\n\n\n<div>\n<div class=\" img-filtre-bleu\">\n<a href=\"https:\/\/qanta.energy\/en\/about-us\/cedric-senetaire\/\"><img loading=\"lazy\" decoding=\"async\" width=\"1000\" height=\"800\" class=\"gb-media-4a9c4b58\" alt=\"\" title=\"qanta-energy-cedric-senetaire\" src=\"https:\/\/qanta.energy\/wp-content\/uploads\/2025\/12\/qanta-energy-cedric-senetaire.jpg\" srcset=\"https:\/\/qanta.energy\/wp-content\/uploads\/2025\/12\/qanta-energy-cedric-senetaire.jpg 1000w, https:\/\/qanta.energy\/wp-content\/uploads\/2025\/12\/qanta-energy-cedric-senetaire-300x240.jpg 300w, https:\/\/qanta.energy\/wp-content\/uploads\/2025\/12\/qanta-energy-cedric-senetaire-768x614.jpg 768w\" sizes=\"auto, (max-width: 1000px) 100vw, 1000px\" \/><\/a>\n<\/div>\n\n\n\n<h4 class=\"gb-text gb-text-0e18babd\">C\u00e9dric Senetaire<\/h4>\n\n\n\n<p class=\"gb-text gb-text-5c2f7cbe\">Sales Director<\/p>\n<\/div>\n<\/div>\n<\/div>\n<\/div>\n","protected":false},"excerpt":{"rendered":"<p>Active since 2010 in the energy transition. During our 15 years of experience, we have built large-scale infrastructure projects that generate enough decarbonized energy to power the equivalent of 25,000 households across Europe. Find out more Your dedicated team of experts. Pierre-Lo\u00efc Ca\u00efjo Chief Executive Officer Pierre-Antoine Barraill\u00e9 Chief Operating Officer Michael Mitchell Chief Marketing &#8230; <a title=\"We Are\" class=\"read-more\" href=\"https:\/\/qanta.energy\/en\/about-us\/\" aria-label=\"Read more about We Are\">Read more<\/a><\/p>\n","protected":false},"author":1,"featured_media":0,"parent":0,"menu_order":40,"comment_status":"closed","ping_status":"closed","template":"","meta":{"_acf_changed":false,"footnotes":""},"class_list":["post-49798","page","type-page","status-publish"],"acf":[],"yoast_head":"<!-- This site is optimized with the Yoast SEO plugin v27.3 - https:\/\/yoast.com\/product\/yoast-seo-wordpress\/ -->\n<title>We Are - Qanta Energy<\/title>\n<meta name=\"robots\" content=\"index, follow, max-snippet:-1, max-image-preview:large, max-video-preview:-1\" \/>\n<link rel=\"canonical\" href=\"https:\/\/qanta.energy\/en\/about-us\/\" \/>\n<meta property=\"og:locale\" content=\"en_US\" \/>\n<meta property=\"og:type\" content=\"article\" \/>\n<meta property=\"og:title\" content=\"We Are - Qanta Energy\" \/>\n<meta property=\"og:description\" content=\"Active since 2010 in the energy transition. During our 15 years of experience, we have built large-scale infrastructure projects that generate enough decarbonized energy to power the equivalent of 25,000 households across Europe. Find out more Your dedicated team of experts. Pierre-Lo\u00efc Ca\u00efjo Chief Executive Officer Pierre-Antoine Barraill\u00e9 Chief Operating Officer Michael Mitchell Chief Marketing ... Read more\" \/>\n<meta property=\"og:url\" content=\"https:\/\/qanta.energy\/en\/about-us\/\" \/>\n<meta property=\"og:site_name\" content=\"Qanta Energy\" \/>\n<meta property=\"article:modified_time\" content=\"2026-02-06T15:06:31+00:00\" \/>\n<meta property=\"og:image\" content=\"https:\/\/qanta.energy\/wp-content\/uploads\/2025\/12\/qanta-energy-pierreloic-caijo.jpg\" \/>\n<meta name=\"twitter:card\" content=\"summary_large_image\" \/>\n<script type=\"application\/ld+json\" class=\"yoast-schema-graph\">{\"@context\":\"https:\\\/\\\/schema.org\",\"@graph\":[{\"@type\":\"WebPage\",\"@id\":\"https:\\\/\\\/qanta.energy\\\/en\\\/about-us\\\/\",\"url\":\"https:\\\/\\\/qanta.energy\\\/en\\\/about-us\\\/\",\"name\":\"We Are - Qanta Energy\",\"isPartOf\":{\"@id\":\"https:\\\/\\\/qanta.energy\\\/en\\\/#website\"},\"primaryImageOfPage\":{\"@id\":\"https:\\\/\\\/qanta.energy\\\/en\\\/about-us\\\/#primaryimage\"},\"image\":{\"@id\":\"https:\\\/\\\/qanta.energy\\\/en\\\/about-us\\\/#primaryimage\"},\"thumbnailUrl\":\"https:\\\/\\\/qanta.energy\\\/wp-content\\\/uploads\\\/2025\\\/12\\\/qanta-energy-pierreloic-caijo.jpg\",\"datePublished\":\"2025-12-09T09:15:13+00:00\",\"dateModified\":\"2026-02-06T15:06:31+00:00\",\"breadcrumb\":{\"@id\":\"https:\\\/\\\/qanta.energy\\\/en\\\/about-us\\\/#breadcrumb\"},\"inLanguage\":\"en-US\",\"potentialAction\":[{\"@type\":\"ReadAction\",\"target\":[\"https:\\\/\\\/qanta.energy\\\/en\\\/about-us\\\/\"]}]},{\"@type\":\"ImageObject\",\"inLanguage\":\"en-US\",\"@id\":\"https:\\\/\\\/qanta.energy\\\/en\\\/about-us\\\/#primaryimage\",\"url\":\"https:\\\/\\\/qanta.energy\\\/wp-content\\\/uploads\\\/2025\\\/12\\\/qanta-energy-pierreloic-caijo.jpg\",\"contentUrl\":\"https:\\\/\\\/qanta.energy\\\/wp-content\\\/uploads\\\/2025\\\/12\\\/qanta-energy-pierreloic-caijo.jpg\"},{\"@type\":\"BreadcrumbList\",\"@id\":\"https:\\\/\\\/qanta.energy\\\/en\\\/about-us\\\/#breadcrumb\",\"itemListElement\":[{\"@type\":\"ListItem\",\"position\":1,\"name\":\"Accueil\",\"item\":\"https:\\\/\\\/qanta.energy\\\/en\\\/\"},{\"@type\":\"ListItem\",\"position\":2,\"name\":\"We Are\"}]},{\"@type\":\"WebSite\",\"@id\":\"https:\\\/\\\/qanta.energy\\\/en\\\/#website\",\"url\":\"https:\\\/\\\/qanta.energy\\\/en\\\/\",\"name\":\"Qanta Energy\",\"description\":\"Votre ind\u00e9pendance \u00e9nerg\u00e9tique sans investissement.\",\"publisher\":{\"@id\":\"https:\\\/\\\/qanta.energy\\\/en\\\/#organization\"},\"potentialAction\":[{\"@type\":\"SearchAction\",\"target\":{\"@type\":\"EntryPoint\",\"urlTemplate\":\"https:\\\/\\\/qanta.energy\\\/en\\\/?s={search_term_string}\"},\"query-input\":{\"@type\":\"PropertyValueSpecification\",\"valueRequired\":true,\"valueName\":\"search_term_string\"}}],\"inLanguage\":\"en-US\"},{\"@type\":\"Organization\",\"@id\":\"https:\\\/\\\/qanta.energy\\\/en\\\/#organization\",\"name\":\"Qanta Energy\",\"url\":\"https:\\\/\\\/qanta.energy\\\/en\\\/\",\"logo\":{\"@type\":\"ImageObject\",\"inLanguage\":\"en-US\",\"@id\":\"https:\\\/\\\/qanta.energy\\\/en\\\/#\\\/schema\\\/logo\\\/image\\\/\",\"url\":\"https:\\\/\\\/qanta.energy\\\/wp-content\\\/uploads\\\/2025\\\/12\\\/logo-qanta-energy-suisse.svg\",\"contentUrl\":\"https:\\\/\\\/qanta.energy\\\/wp-content\\\/uploads\\\/2025\\\/12\\\/logo-qanta-energy-suisse.svg\",\"width\":815,\"height\":161,\"caption\":\"Qanta Energy\"},\"image\":{\"@id\":\"https:\\\/\\\/qanta.energy\\\/en\\\/#\\\/schema\\\/logo\\\/image\\\/\"}}]}<\/script>\n<!-- \/ Yoast SEO plugin. -->","yoast_head_json":{"title":"We Are - Qanta Energy","robots":{"index":"index","follow":"follow","max-snippet":"max-snippet:-1","max-image-preview":"max-image-preview:large","max-video-preview":"max-video-preview:-1"},"canonical":"https:\/\/qanta.energy\/en\/about-us\/","og_locale":"en_US","og_type":"article","og_title":"We Are - Qanta Energy","og_description":"Active since 2010 in the energy transition. During our 15 years of experience, we have built large-scale infrastructure projects that generate enough decarbonized energy to power the equivalent of 25,000 households across Europe. Find out more Your dedicated team of experts. Pierre-Lo\u00efc Ca\u00efjo Chief Executive Officer Pierre-Antoine Barraill\u00e9 Chief Operating Officer Michael Mitchell Chief Marketing ... Read more","og_url":"https:\/\/qanta.energy\/en\/about-us\/","og_site_name":"Qanta Energy","article_modified_time":"2026-02-06T15:06:31+00:00","og_image":[{"url":"https:\/\/qanta.energy\/wp-content\/uploads\/2025\/12\/qanta-energy-pierreloic-caijo.jpg","type":"","width":"","height":""}],"twitter_card":"summary_large_image","schema":{"@context":"https:\/\/schema.org","@graph":[{"@type":"WebPage","@id":"https:\/\/qanta.energy\/en\/about-us\/","url":"https:\/\/qanta.energy\/en\/about-us\/","name":"We Are - Qanta Energy","isPartOf":{"@id":"https:\/\/qanta.energy\/en\/#website"},"primaryImageOfPage":{"@id":"https:\/\/qanta.energy\/en\/about-us\/#primaryimage"},"image":{"@id":"https:\/\/qanta.energy\/en\/about-us\/#primaryimage"},"thumbnailUrl":"https:\/\/qanta.energy\/wp-content\/uploads\/2025\/12\/qanta-energy-pierreloic-caijo.jpg","datePublished":"2025-12-09T09:15:13+00:00","dateModified":"2026-02-06T15:06:31+00:00","breadcrumb":{"@id":"https:\/\/qanta.energy\/en\/about-us\/#breadcrumb"},"inLanguage":"en-US","potentialAction":[{"@type":"ReadAction","target":["https:\/\/qanta.energy\/en\/about-us\/"]}]},{"@type":"ImageObject","inLanguage":"en-US","@id":"https:\/\/qanta.energy\/en\/about-us\/#primaryimage","url":"https:\/\/qanta.energy\/wp-content\/uploads\/2025\/12\/qanta-energy-pierreloic-caijo.jpg","contentUrl":"https:\/\/qanta.energy\/wp-content\/uploads\/2025\/12\/qanta-energy-pierreloic-caijo.jpg"},{"@type":"BreadcrumbList","@id":"https:\/\/qanta.energy\/en\/about-us\/#breadcrumb","itemListElement":[{"@type":"ListItem","position":1,"name":"Accueil","item":"https:\/\/qanta.energy\/en\/"},{"@type":"ListItem","position":2,"name":"We Are"}]},{"@type":"WebSite","@id":"https:\/\/qanta.energy\/en\/#website","url":"https:\/\/qanta.energy\/en\/","name":"Qanta Energy","description":"Votre ind\u00e9pendance \u00e9nerg\u00e9tique sans investissement.","publisher":{"@id":"https:\/\/qanta.energy\/en\/#organization"},"potentialAction":[{"@type":"SearchAction","target":{"@type":"EntryPoint","urlTemplate":"https:\/\/qanta.energy\/en\/?s={search_term_string}"},"query-input":{"@type":"PropertyValueSpecification","valueRequired":true,"valueName":"search_term_string"}}],"inLanguage":"en-US"},{"@type":"Organization","@id":"https:\/\/qanta.energy\/en\/#organization","name":"Qanta Energy","url":"https:\/\/qanta.energy\/en\/","logo":{"@type":"ImageObject","inLanguage":"en-US","@id":"https:\/\/qanta.energy\/en\/#\/schema\/logo\/image\/","url":"https:\/\/qanta.energy\/wp-content\/uploads\/2025\/12\/logo-qanta-energy-suisse.svg","contentUrl":"https:\/\/qanta.energy\/wp-content\/uploads\/2025\/12\/logo-qanta-energy-suisse.svg","width":815,"height":161,"caption":"Qanta Energy"},"image":{"@id":"https:\/\/qanta.energy\/en\/#\/schema\/logo\/image\/"}}]}},"_links":{"self":[{"href":"https:\/\/qanta.energy\/en\/wp-json\/wp\/v2\/pages\/49798","targetHints":{"allow":["GET"]}}],"collection":[{"href":"https:\/\/qanta.energy\/en\/wp-json\/wp\/v2\/pages"}],"about":[{"href":"https:\/\/qanta.energy\/en\/wp-json\/wp\/v2\/types\/page"}],"author":[{"embeddable":true,"href":"https:\/\/qanta.energy\/en\/wp-json\/wp\/v2\/users\/1"}],"replies":[{"embeddable":true,"href":"https:\/\/qanta.energy\/en\/wp-json\/wp\/v2\/comments?post=49798"}],"version-history":[{"count":1,"href":"https:\/\/qanta.energy\/en\/wp-json\/wp\/v2\/pages\/49798\/revisions"}],"predecessor-version":[{"id":53050,"href":"https:\/\/qanta.energy\/en\/wp-json\/wp\/v2\/pages\/49798\/revisions\/53050"}],"wp:attachment":[{"href":"https:\/\/qanta.energy\/en\/wp-json\/wp\/v2\/media?parent=49798"}],"curies":[{"name":"wp","href":"https:\/\/api.w.org\/{rel}","templated":true}]}}