{"id":49802,"date":"2025-12-09T10:15:30","date_gmt":"2025-12-09T09:15:30","guid":{"rendered":"https:\/\/qanta.marie-rabault.com\/?page_id=49802"},"modified":"2026-01-22T14:56:09","modified_gmt":"2026-01-22T13:56:09","slug":"news","status":"publish","type":"page","link":"https:\/\/qanta.energy\/en\/news\/","title":{"rendered":"News"},"content":{"rendered":"\n<div class=\"wp-block-cover alignfull\" style=\"min-height:200px;aspect-ratio:unset;\"><video class=\"wp-block-cover__video-background intrinsic-ignore\" autoplay muted loop playsinline src=\"https:\/\/qanta.energy\/wp-content\/uploads\/2025\/12\/energy-qanta.mp4\" poster=\"https:\/\/qanta.energy\/wp-content\/uploads\/2025\/12\/couverture-qanta.jpg\" data-object-fit=\"cover\"><\/video><span aria-hidden=\"true\" class=\"wp-block-cover__background has-contrast-background-color has-background-dim-70 has-background-dim\"><\/span><div class=\"wp-block-cover__inner-container is-layout-constrained wp-block-cover-is-layout-constrained\">\n<div class=\"banniere-inner\">\n<h1 class=\"gb-text\">The Future Is Decarbonized<\/h1>\n\n\n\n<p class=\"gb-text gb-text-18eedc9e\"> Our platform connects capital markets to energy transition realities, project by project.  <\/p>\n<\/div>\n<\/div><\/div>\n\n\n\n<div class=\"gb-query-509f9795\"><div class=\"gb-looper-591a278d masonry\">\n<div class=\"gb-loop-item gb-loop-item-af7da2bf article-card post-53080 post type-post status-publish format-standard has-post-thumbnail hentry category-opinion\">\n<a class=\"gb-element-1ba296a6 blocarticle\" href=\"https:\/\/qanta.energy\/en\/the-case-for-investing-in-the-swiss-energy-transition\/\">\n<img loading=\"lazy\" decoding=\"async\" width=\"2560\" height=\"1435\" data-media-id=\"53093\" class=\"gb-media-a57500fe card-thumb \" src=\"https:\/\/qanta.energy\/wp-content\/uploads\/2026\/03\/AdobeStock_1423572096-scaled.jpeg\" alt=\"The Case for\u00a0Investing in\u00a0the\u00a0Swiss Energy\u00a0Transition\u00a0\" srcset=\"https:\/\/qanta.energy\/wp-content\/uploads\/2026\/03\/AdobeStock_1423572096-scaled.jpeg 2560w, https:\/\/qanta.energy\/wp-content\/uploads\/2026\/03\/AdobeStock_1423572096-300x168.jpeg 300w, https:\/\/qanta.energy\/wp-content\/uploads\/2026\/03\/AdobeStock_1423572096-1024x574.jpeg 1024w, https:\/\/qanta.energy\/wp-content\/uploads\/2026\/03\/AdobeStock_1423572096-768x430.jpeg 768w, https:\/\/qanta.energy\/wp-content\/uploads\/2026\/03\/AdobeStock_1423572096-1536x861.jpeg 1536w, https:\/\/qanta.energy\/wp-content\/uploads\/2026\/03\/AdobeStock_1423572096-2048x1148.jpeg 2048w, https:\/\/qanta.energy\/wp-content\/uploads\/2026\/03\/AdobeStock_1423572096-500x280.jpeg 500w, https:\/\/qanta.energy\/wp-content\/uploads\/2026\/03\/AdobeStock_1423572096-800x448.jpeg 800w, https:\/\/qanta.energy\/wp-content\/uploads\/2026\/03\/AdobeStock_1423572096-1280x717.jpeg 1280w, https:\/\/qanta.energy\/wp-content\/uploads\/2026\/03\/AdobeStock_1423572096-1920x1076.jpeg 1920w\" sizes=\"auto, (max-width: 2560px) 100vw, 2560px\" \/>\n\n\n\n<p class=\"gb-text gb-text-d6f341ba\"><span>Opinion<\/span><\/p>\n\n\n\n<h2 class=\"gb-text gb-text-c0f8baa0\">The Case for\u00a0Investing in\u00a0the\u00a0Swiss Energy\u00a0Transition\u00a0<\/h2>\n\n\n\n<p class=\"gb-text gb-text-0285a8e3\">5 March 2026<\/p>\n<\/a>\n<\/div>\n\n<div class=\"gb-loop-item gb-loop-item-af7da2bf article-card post-53026 post type-post status-publish format-standard has-post-thumbnail hentry category-about-qanta\">\n<a class=\"gb-element-1ba296a6 blocarticle\" href=\"https:\/\/qanta.energy\/en\/the-digital-backbone-of-a-next-generation-utility\/\">\n<img loading=\"lazy\" decoding=\"async\" width=\"2560\" height=\"1463\" data-media-id=\"53027\" class=\"gb-media-a57500fe card-thumb \" src=\"https:\/\/qanta.energy\/wp-content\/uploads\/2026\/02\/AdobeStock_1759530859-scaled.jpeg\" alt=\"The Digital Backbone of a Next\u2011Generation Utility\u00a0\" srcset=\"https:\/\/qanta.energy\/wp-content\/uploads\/2026\/02\/AdobeStock_1759530859-scaled.jpeg 2560w, https:\/\/qanta.energy\/wp-content\/uploads\/2026\/02\/AdobeStock_1759530859-300x171.jpeg 300w, https:\/\/qanta.energy\/wp-content\/uploads\/2026\/02\/AdobeStock_1759530859-1024x585.jpeg 1024w, https:\/\/qanta.energy\/wp-content\/uploads\/2026\/02\/AdobeStock_1759530859-768x439.jpeg 768w, https:\/\/qanta.energy\/wp-content\/uploads\/2026\/02\/AdobeStock_1759530859-1536x878.jpeg 1536w, https:\/\/qanta.energy\/wp-content\/uploads\/2026\/02\/AdobeStock_1759530859-2048x1170.jpeg 2048w, https:\/\/qanta.energy\/wp-content\/uploads\/2026\/02\/AdobeStock_1759530859-500x286.jpeg 500w, https:\/\/qanta.energy\/wp-content\/uploads\/2026\/02\/AdobeStock_1759530859-800x457.jpeg 800w, https:\/\/qanta.energy\/wp-content\/uploads\/2026\/02\/AdobeStock_1759530859-1280x731.jpeg 1280w, https:\/\/qanta.energy\/wp-content\/uploads\/2026\/02\/AdobeStock_1759530859-1920x1097.jpeg 1920w\" sizes=\"auto, (max-width: 2560px) 100vw, 2560px\" \/>\n\n\n\n<p class=\"gb-text gb-text-d6f341ba\"><span>About Qanta<\/span><\/p>\n\n\n\n<h2 class=\"gb-text gb-text-c0f8baa0\">The Digital Backbone of a Next\u2011Generation Utility\u00a0<\/h2>\n\n\n\n<p class=\"gb-text gb-text-0285a8e3\">5 February 2026<\/p>\n<\/a>\n<\/div>\n\n<div class=\"gb-loop-item gb-loop-item-af7da2bf article-card post-52099 post type-post status-publish format-standard has-post-thumbnail hentry category-about-qanta\">\n<a class=\"gb-element-1ba296a6 blocarticle\" href=\"https:\/\/qanta.energy\/en\/from-adiant-capital-to-qanta-energy-contributing-to-energy-sovereignty-for-over-a-decade\/\">\n<img loading=\"lazy\" decoding=\"async\" width=\"1200\" height=\"900\" data-media-id=\"52905\" class=\"gb-media-a57500fe card-thumb \" src=\"https:\/\/qanta.energy\/wp-content\/uploads\/2026\/01\/adiant-qanta.jpg\" alt=\"From\u00a0Adiant\u00a0Capital to Qanta Energy: Contributing to\u00a0Energy Sovereignty Since 2010\u00a0\" srcset=\"https:\/\/qanta.energy\/wp-content\/uploads\/2026\/01\/adiant-qanta.jpg 1200w, https:\/\/qanta.energy\/wp-content\/uploads\/2026\/01\/adiant-qanta-300x225.jpg 300w, https:\/\/qanta.energy\/wp-content\/uploads\/2026\/01\/adiant-qanta-1024x768.jpg 1024w, https:\/\/qanta.energy\/wp-content\/uploads\/2026\/01\/adiant-qanta-768x576.jpg 768w, https:\/\/qanta.energy\/wp-content\/uploads\/2026\/01\/adiant-qanta-500x375.jpg 500w, https:\/\/qanta.energy\/wp-content\/uploads\/2026\/01\/adiant-qanta-800x600.jpg 800w\" sizes=\"auto, (max-width: 1200px) 100vw, 1200px\" \/>\n\n\n\n<p class=\"gb-text gb-text-d6f341ba\"><span>About Qanta<\/span><\/p>\n\n\n\n<h2 class=\"gb-text gb-text-c0f8baa0\">From\u00a0Adiant\u00a0Capital to Qanta Energy: Contributing to\u00a0Energy Sovereignty Since 2010\u00a0<\/h2>\n\n\n\n<p class=\"gb-text gb-text-0285a8e3\">8 January 2026<\/p>\n<\/a>\n<\/div>\n\n<div class=\"gb-loop-item gb-loop-item-af7da2bf article-card post-4684 post type-post status-publish format-standard hentry category-press\">\n<a class=\"gb-element-1ba296a6 blocarticle\" href=\"https:\/\/qanta.energy\/en\/adiant-capital-is-evolving-into-qanta-energy-accelerating-the-energy-transition-through-innovative-financing\/\">\n\n\n<p class=\"gb-text gb-text-d6f341ba\"><span>Press Release<\/span><\/p>\n\n\n\n<h2 class=\"gb-text gb-text-c0f8baa0\">Adiant Capital is Evolving into Qanta Energy: Accelerating the Energy Transition Through Innovative Financing<\/h2>\n\n\n\n<p class=\"gb-text gb-text-0285a8e3\">2 December 2025<\/p>\n<\/a>\n<\/div>\n\n<div class=\"gb-loop-item gb-loop-item-af7da2bf article-card post-4660 post type-post status-publish format-standard has-post-thumbnail hentry category-opinion\">\n<a class=\"gb-element-1ba296a6 blocarticle\" href=\"https:\/\/qanta.energy\/en\/bridge-the-gap-why-financing-is-the-missing-link-in-the-energy-transition\/\">\n<img loading=\"lazy\" decoding=\"async\" width=\"800\" height=\"531\" data-media-id=\"4657\" class=\"gb-media-a57500fe card-thumb \" src=\"https:\/\/qanta.energy\/wp-content\/uploads\/2025\/11\/qanta-pl-caijo-coeur.jpg\" alt=\"Bridge The Gap: Why Financing Is the Missing Link in the Energy Transition\" srcset=\"https:\/\/qanta.energy\/wp-content\/uploads\/2025\/11\/qanta-pl-caijo-coeur.jpg 800w, https:\/\/qanta.energy\/wp-content\/uploads\/2025\/11\/qanta-pl-caijo-coeur-300x199.jpg 300w, https:\/\/qanta.energy\/wp-content\/uploads\/2025\/11\/qanta-pl-caijo-coeur-768x510.jpg 768w\" sizes=\"auto, (max-width: 800px) 100vw, 800px\" \/>\n\n\n\n<p class=\"gb-text gb-text-d6f341ba\"><span>Opinion<\/span><\/p>\n\n\n\n<h2 class=\"gb-text gb-text-c0f8baa0\">Bridge The Gap: Why Financing Is the Missing Link in the Energy Transition<\/h2>\n\n\n\n<p class=\"gb-text gb-text-0285a8e3\">27 November 2025<\/p>\n<\/a>\n<\/div>\n\n<div class=\"gb-loop-item gb-loop-item-af7da2bf article-card post-4626 post type-post status-publish format-standard has-post-thumbnail hentry category-opinion\">\n<a class=\"gb-element-1ba296a6 blocarticle\" href=\"https:\/\/qanta.energy\/en\/the-architecture-of-energy-transition\/\">\n<img loading=\"lazy\" decoding=\"async\" width=\"1050\" height=\"600\" data-media-id=\"4637\" class=\"gb-media-a57500fe card-thumb \" src=\"https:\/\/qanta.energy\/wp-content\/uploads\/2025\/11\/architecture-transition-energetique-qanta.jpg\" alt=\"The Architecture of Energy Transition\" srcset=\"https:\/\/qanta.energy\/wp-content\/uploads\/2025\/11\/architecture-transition-energetique-qanta.jpg 1050w, https:\/\/qanta.energy\/wp-content\/uploads\/2025\/11\/architecture-transition-energetique-qanta-300x171.jpg 300w, https:\/\/qanta.energy\/wp-content\/uploads\/2025\/11\/architecture-transition-energetique-qanta-1024x585.jpg 1024w, https:\/\/qanta.energy\/wp-content\/uploads\/2025\/11\/architecture-transition-energetique-qanta-768x439.jpg 768w\" sizes=\"auto, (max-width: 1050px) 100vw, 1050px\" \/>\n\n\n\n<p class=\"gb-text gb-text-d6f341ba\"><span>Opinion<\/span><\/p>\n\n\n\n<h2 class=\"gb-text gb-text-c0f8baa0\">The Architecture of Energy Transition<\/h2>\n\n\n\n<p class=\"gb-text gb-text-0285a8e3\">7 November 2025<\/p>\n<\/a>\n<\/div>\n<\/div><\/div>\n\n\n\n<div class=\"gb-element-a635e63b anim-stagger\">\n<div><\/div>\n<\/div>\n","protected":false},"excerpt":{"rendered":"","protected":false},"author":1,"featured_media":0,"parent":0,"menu_order":70,"comment_status":"closed","ping_status":"closed","template":"","meta":{"_acf_changed":false,"footnotes":""},"class_list":["post-49802","page","type-page","status-publish"],"acf":[],"yoast_head":"<!-- This site is optimized with the Yoast SEO plugin v27.4 - https:\/\/yoast.com\/product\/yoast-seo-wordpress\/ -->\n<title>News - Qanta Energy<\/title>\n<meta name=\"robots\" content=\"index, follow, max-snippet:-1, max-image-preview:large, max-video-preview:-1\" \/>\n<link rel=\"canonical\" href=\"https:\/\/qanta.energy\/en\/news\/\" \/>\n<meta property=\"og:locale\" content=\"en_US\" \/>\n<meta property=\"og:type\" content=\"article\" \/>\n<meta property=\"og:title\" content=\"News - Qanta Energy\" \/>\n<meta property=\"og:url\" content=\"https:\/\/qanta.energy\/en\/news\/\" \/>\n<meta property=\"og:site_name\" content=\"Qanta Energy\" \/>\n<meta property=\"article:modified_time\" content=\"2026-01-22T13:56:09+00:00\" \/>\n<meta property=\"og:image\" content=\"https:\/\/qanta.energy\/wp-content\/uploads\/2026\/01\/pv-solar-qanta.jpg\" \/>\n\t<meta property=\"og:image:width\" content=\"800\" \/>\n\t<meta property=\"og:image:height\" content=\"800\" \/>\n\t<meta property=\"og:image:type\" content=\"image\/jpeg\" \/>\n<meta name=\"twitter:card\" content=\"summary_large_image\" \/>\n<script type=\"application\/ld+json\" class=\"yoast-schema-graph\">{\"@context\":\"https:\\\/\\\/schema.org\",\"@graph\":[{\"@type\":\"WebPage\",\"@id\":\"https:\\\/\\\/qanta.energy\\\/en\\\/news\\\/\",\"url\":\"https:\\\/\\\/qanta.energy\\\/en\\\/news\\\/\",\"name\":\"News - Qanta Energy\",\"isPartOf\":{\"@id\":\"https:\\\/\\\/qanta.energy\\\/en\\\/#website\"},\"datePublished\":\"2025-12-09T09:15:30+00:00\",\"dateModified\":\"2026-01-22T13:56:09+00:00\",\"breadcrumb\":{\"@id\":\"https:\\\/\\\/qanta.energy\\\/en\\\/news\\\/#breadcrumb\"},\"inLanguage\":\"en-US\",\"potentialAction\":[{\"@type\":\"ReadAction\",\"target\":[\"https:\\\/\\\/qanta.energy\\\/en\\\/news\\\/\"]}]},{\"@type\":\"BreadcrumbList\",\"@id\":\"https:\\\/\\\/qanta.energy\\\/en\\\/news\\\/#breadcrumb\",\"itemListElement\":[{\"@type\":\"ListItem\",\"position\":1,\"name\":\"Accueil\",\"item\":\"https:\\\/\\\/qanta.energy\\\/en\\\/\"},{\"@type\":\"ListItem\",\"position\":2,\"name\":\"News\"}]},{\"@type\":\"WebSite\",\"@id\":\"https:\\\/\\\/qanta.energy\\\/en\\\/#website\",\"url\":\"https:\\\/\\\/qanta.energy\\\/en\\\/\",\"name\":\"Qanta Energy\",\"description\":\"Votre ind\u00e9pendance \u00e9nerg\u00e9tique sans investissement.\",\"publisher\":{\"@id\":\"https:\\\/\\\/qanta.energy\\\/en\\\/#organization\"},\"potentialAction\":[{\"@type\":\"SearchAction\",\"target\":{\"@type\":\"EntryPoint\",\"urlTemplate\":\"https:\\\/\\\/qanta.energy\\\/en\\\/?s={search_term_string}\"},\"query-input\":{\"@type\":\"PropertyValueSpecification\",\"valueRequired\":true,\"valueName\":\"search_term_string\"}}],\"inLanguage\":\"en-US\"},{\"@type\":\"Organization\",\"@id\":\"https:\\\/\\\/qanta.energy\\\/en\\\/#organization\",\"name\":\"Qanta Energy\",\"url\":\"https:\\\/\\\/qanta.energy\\\/en\\\/\",\"logo\":{\"@type\":\"ImageObject\",\"inLanguage\":\"en-US\",\"@id\":\"https:\\\/\\\/qanta.energy\\\/en\\\/#\\\/schema\\\/logo\\\/image\\\/\",\"url\":\"https:\\\/\\\/qanta.energy\\\/wp-content\\\/uploads\\\/2025\\\/12\\\/logo-qanta-energy-suisse.svg\",\"contentUrl\":\"https:\\\/\\\/qanta.energy\\\/wp-content\\\/uploads\\\/2025\\\/12\\\/logo-qanta-energy-suisse.svg\",\"width\":815,\"height\":161,\"caption\":\"Qanta Energy\"},\"image\":{\"@id\":\"https:\\\/\\\/qanta.energy\\\/en\\\/#\\\/schema\\\/logo\\\/image\\\/\"}}]}<\/script>\n<!-- \/ Yoast SEO plugin. -->","yoast_head_json":{"title":"News - Qanta Energy","robots":{"index":"index","follow":"follow","max-snippet":"max-snippet:-1","max-image-preview":"max-image-preview:large","max-video-preview":"max-video-preview:-1"},"canonical":"https:\/\/qanta.energy\/en\/news\/","og_locale":"en_US","og_type":"article","og_title":"News - Qanta Energy","og_url":"https:\/\/qanta.energy\/en\/news\/","og_site_name":"Qanta Energy","article_modified_time":"2026-01-22T13:56:09+00:00","og_image":[{"width":800,"height":800,"url":"https:\/\/qanta.energy\/wp-content\/uploads\/2026\/01\/pv-solar-qanta.jpg","type":"image\/jpeg"}],"twitter_card":"summary_large_image","schema":{"@context":"https:\/\/schema.org","@graph":[{"@type":"WebPage","@id":"https:\/\/qanta.energy\/en\/news\/","url":"https:\/\/qanta.energy\/en\/news\/","name":"News - Qanta Energy","isPartOf":{"@id":"https:\/\/qanta.energy\/en\/#website"},"datePublished":"2025-12-09T09:15:30+00:00","dateModified":"2026-01-22T13:56:09+00:00","breadcrumb":{"@id":"https:\/\/qanta.energy\/en\/news\/#breadcrumb"},"inLanguage":"en-US","potentialAction":[{"@type":"ReadAction","target":["https:\/\/qanta.energy\/en\/news\/"]}]},{"@type":"BreadcrumbList","@id":"https:\/\/qanta.energy\/en\/news\/#breadcrumb","itemListElement":[{"@type":"ListItem","position":1,"name":"Accueil","item":"https:\/\/qanta.energy\/en\/"},{"@type":"ListItem","position":2,"name":"News"}]},{"@type":"WebSite","@id":"https:\/\/qanta.energy\/en\/#website","url":"https:\/\/qanta.energy\/en\/","name":"Qanta Energy","description":"Votre ind\u00e9pendance \u00e9nerg\u00e9tique sans investissement.","publisher":{"@id":"https:\/\/qanta.energy\/en\/#organization"},"potentialAction":[{"@type":"SearchAction","target":{"@type":"EntryPoint","urlTemplate":"https:\/\/qanta.energy\/en\/?s={search_term_string}"},"query-input":{"@type":"PropertyValueSpecification","valueRequired":true,"valueName":"search_term_string"}}],"inLanguage":"en-US"},{"@type":"Organization","@id":"https:\/\/qanta.energy\/en\/#organization","name":"Qanta Energy","url":"https:\/\/qanta.energy\/en\/","logo":{"@type":"ImageObject","inLanguage":"en-US","@id":"https:\/\/qanta.energy\/en\/#\/schema\/logo\/image\/","url":"https:\/\/qanta.energy\/wp-content\/uploads\/2025\/12\/logo-qanta-energy-suisse.svg","contentUrl":"https:\/\/qanta.energy\/wp-content\/uploads\/2025\/12\/logo-qanta-energy-suisse.svg","width":815,"height":161,"caption":"Qanta Energy"},"image":{"@id":"https:\/\/qanta.energy\/en\/#\/schema\/logo\/image\/"}}]}},"_links":{"self":[{"href":"https:\/\/qanta.energy\/en\/wp-json\/wp\/v2\/pages\/49802","targetHints":{"allow":["GET"]}}],"collection":[{"href":"https:\/\/qanta.energy\/en\/wp-json\/wp\/v2\/pages"}],"about":[{"href":"https:\/\/qanta.energy\/en\/wp-json\/wp\/v2\/types\/page"}],"author":[{"embeddable":true,"href":"https:\/\/qanta.energy\/en\/wp-json\/wp\/v2\/users\/1"}],"replies":[{"embeddable":true,"href":"https:\/\/qanta.energy\/en\/wp-json\/wp\/v2\/comments?post=49802"}],"version-history":[{"count":0,"href":"https:\/\/qanta.energy\/en\/wp-json\/wp\/v2\/pages\/49802\/revisions"}],"wp:attachment":[{"href":"https:\/\/qanta.energy\/en\/wp-json\/wp\/v2\/media?parent=49802"}],"curies":[{"name":"wp","href":"https:\/\/api.w.org\/{rel}","templated":true}]}}