{"id":51207,"date":"2025-12-18T15:51:08","date_gmt":"2025-12-18T14:51:08","guid":{"rendered":"https:\/\/qanta.marie-rabault.com\/?page_id=51207"},"modified":"2026-01-23T11:48:45","modified_gmt":"2026-01-23T10:48:45","slug":"michael-mitchell","status":"publish","type":"page","link":"https:\/\/qanta.energy\/en\/about-us\/michael-mitchell\/","title":{"rendered":"Michael Mitchell"},"content":{"rendered":"\n<div class=\"gb-element-0897d6e7\">\n<div class=\"gb-element-a76aa84a\">\n<div>\n<h1 class=\"gb-text gb-text-40c03e9c\">Michael Mitchell<\/h1>\n\n\n\n<p class=\"gb-text gb-text-09d28740\">Chief Marketing Officer<\/p>\n\n\n\n<ul class=\"wp-block-social-links has-large-icon-size has-icon-color is-style-logos-only is-layout-flex wp-block-social-links-is-layout-flex\"><li style=\"color:var(--contrast);\" class=\"wp-social-link wp-social-link-linkedin has-contrast-color wp-block-social-link\"><a rel=\"noopener nofollow\" target=\"_blank\" href=\"https:\/\/www.linkedin.com\/in\/michaelmitchell79\/\" class=\"wp-block-social-link-anchor\"><svg width=\"24\" height=\"24\" viewBox=\"0 0 24 24\" version=\"1.1\" xmlns=\"http:\/\/www.w3.org\/2000\/svg\" aria-hidden=\"true\" focusable=\"false\"><path d=\"M19.7,3H4.3C3.582,3,3,3.582,3,4.3v15.4C3,20.418,3.582,21,4.3,21h15.4c0.718,0,1.3-0.582,1.3-1.3V4.3 C21,3.582,20.418,3,19.7,3z M8.339,18.338H5.667v-8.59h2.672V18.338z M7.004,8.574c-0.857,0-1.549-0.694-1.549-1.548 c0-0.855,0.691-1.548,1.549-1.548c0.854,0,1.547,0.694,1.547,1.548C8.551,7.881,7.858,8.574,7.004,8.574z M18.339,18.338h-2.669 v-4.177c0-0.996-0.017-2.278-1.387-2.278c-1.389,0-1.601,1.086-1.601,2.206v4.249h-2.667v-8.59h2.559v1.174h0.037 c0.356-0.675,1.227-1.387,2.526-1.387c2.703,0,3.203,1.779,3.203,4.092V18.338z\"><\/path><\/svg><span class=\"wp-block-social-link-label screen-reader-text\">LinkedIn<\/span><\/a><\/li><\/ul>\n<\/div>\n\n\n\n<div>\n<blockquote class=\"wp-block-quote is-layout-flow wp-block-quote-is-layout-flow\">\n<p>&#8220;A clearly-communicated vision is as vital as a strong network. The energy transition is a complex topic that needs to be simple to understand without loosing sight of the fundamental values that drive it.&#8221;<\/p>\n<\/blockquote>\n\n\n\n<img loading=\"lazy\" decoding=\"async\" width=\"1000\" height=\"800\" class=\"gb-media-7ca2a9a7\" alt=\"\" title=\"qanta-energy-michael-mitchell\" src=\"https:\/\/qanta.energy\/wp-content\/uploads\/2025\/12\/qanta-energy-michael-mitchell.jpg\" srcset=\"https:\/\/qanta.energy\/wp-content\/uploads\/2025\/12\/qanta-energy-michael-mitchell.jpg 1000w, https:\/\/qanta.energy\/wp-content\/uploads\/2025\/12\/qanta-energy-michael-mitchell-300x240.jpg 300w, https:\/\/qanta.energy\/wp-content\/uploads\/2025\/12\/qanta-energy-michael-mitchell-768x614.jpg 768w\" sizes=\"auto, (max-width: 1000px) 100vw, 1000px\" \/>\n\n\n\n<p><strong>Michael Mitchell <\/strong>leads Qanta\u2019s efforts to ensure that core messages and values are clearly communicated across targeted channels. His hands-on approach combined with strategic project management skills allows him to communicate the intricacies of Qanta\u2019s novel energy production model to all stakeholders. He brings a complete toolkit of skills to everyday communication tasks: video production, in-depth article writing, web design and SEO optimization, interactive design, and social media strategy and implementation.&nbsp;<\/p>\n\n\n\n<p>His 16-year career&nbsp;as a communicator has previously focused on the field of science communication&nbsp;at EPFL, multimedia production in the pharma industry and independent documentary filmmaking. With his aptitude for strategic thinking and multilingualism, Michael&nbsp;continually evolves in the communication landscape, embracing new technologies for immersive and connected content experiences. &nbsp;<\/p>\n<\/div>\n<\/div>\n\n\n\n<h5 class=\"gb-text gb-text-b0da162c\">Recent Post<\/h5>\n\n\n\n<div><div class=\"gb-looper-3e031ddb\">\n<div class=\"gb-loop-item gb-loop-item-af7da2bf article-card post-53080 post type-post status-publish format-standard has-post-thumbnail hentry category-opinion\">\n<a class=\"gb-element-1ba296a6 blocarticle\" href=\"https:\/\/qanta.energy\/en\/the-case-for-investing-in-the-swiss-energy-transition\/\">\n<img loading=\"lazy\" decoding=\"async\" width=\"2560\" height=\"1435\" data-media-id=\"53093\" class=\"gb-media-a57500fe card-thumb \" src=\"https:\/\/qanta.energy\/wp-content\/uploads\/2026\/03\/AdobeStock_1423572096-scaled.jpeg\" alt=\"The Case for\u00a0Investing in\u00a0the\u00a0Swiss Energy\u00a0Transition\u00a0\" srcset=\"https:\/\/qanta.energy\/wp-content\/uploads\/2026\/03\/AdobeStock_1423572096-scaled.jpeg 2560w, https:\/\/qanta.energy\/wp-content\/uploads\/2026\/03\/AdobeStock_1423572096-300x168.jpeg 300w, https:\/\/qanta.energy\/wp-content\/uploads\/2026\/03\/AdobeStock_1423572096-1024x574.jpeg 1024w, https:\/\/qanta.energy\/wp-content\/uploads\/2026\/03\/AdobeStock_1423572096-768x430.jpeg 768w, https:\/\/qanta.energy\/wp-content\/uploads\/2026\/03\/AdobeStock_1423572096-1536x861.jpeg 1536w, https:\/\/qanta.energy\/wp-content\/uploads\/2026\/03\/AdobeStock_1423572096-2048x1148.jpeg 2048w, https:\/\/qanta.energy\/wp-content\/uploads\/2026\/03\/AdobeStock_1423572096-500x280.jpeg 500w, https:\/\/qanta.energy\/wp-content\/uploads\/2026\/03\/AdobeStock_1423572096-800x448.jpeg 800w, https:\/\/qanta.energy\/wp-content\/uploads\/2026\/03\/AdobeStock_1423572096-1280x717.jpeg 1280w, https:\/\/qanta.energy\/wp-content\/uploads\/2026\/03\/AdobeStock_1423572096-1920x1076.jpeg 1920w\" sizes=\"auto, (max-width: 2560px) 100vw, 2560px\" \/>\n\n\n\n<h2 class=\"gb-text gb-text-c0f8baa0\">The Case for\u00a0Investing in\u00a0the\u00a0Swiss Energy\u00a0Transition\u00a0<\/h2>\n\n\n\n<p class=\"gb-text gb-text-0285a8e3\">5 March 2026<\/p>\n<\/a>\n<\/div>\n\n<div class=\"gb-loop-item gb-loop-item-af7da2bf article-card post-52099 post type-post status-publish format-standard has-post-thumbnail hentry category-about-qanta\">\n<a class=\"gb-element-1ba296a6 blocarticle\" href=\"https:\/\/qanta.energy\/en\/from-adiant-capital-to-qanta-energy-contributing-to-energy-sovereignty-for-over-a-decade\/\">\n<img loading=\"lazy\" decoding=\"async\" width=\"1200\" height=\"900\" data-media-id=\"52905\" class=\"gb-media-a57500fe card-thumb \" src=\"https:\/\/qanta.energy\/wp-content\/uploads\/2026\/01\/adiant-qanta.jpg\" alt=\"From\u00a0Adiant\u00a0Capital to Qanta Energy: Contributing to\u00a0Energy Sovereignty Since 2010\u00a0\" srcset=\"https:\/\/qanta.energy\/wp-content\/uploads\/2026\/01\/adiant-qanta.jpg 1200w, https:\/\/qanta.energy\/wp-content\/uploads\/2026\/01\/adiant-qanta-300x225.jpg 300w, https:\/\/qanta.energy\/wp-content\/uploads\/2026\/01\/adiant-qanta-1024x768.jpg 1024w, https:\/\/qanta.energy\/wp-content\/uploads\/2026\/01\/adiant-qanta-768x576.jpg 768w, https:\/\/qanta.energy\/wp-content\/uploads\/2026\/01\/adiant-qanta-500x375.jpg 500w, https:\/\/qanta.energy\/wp-content\/uploads\/2026\/01\/adiant-qanta-800x600.jpg 800w\" sizes=\"auto, (max-width: 1200px) 100vw, 1200px\" \/>\n\n\n\n<h2 class=\"gb-text gb-text-c0f8baa0\">From\u00a0Adiant\u00a0Capital to Qanta Energy: Contributing to\u00a0Energy Sovereignty Since 2010\u00a0<\/h2>\n\n\n\n<p class=\"gb-text gb-text-0285a8e3\">8 January 2026<\/p>\n<\/a>\n<\/div>\n<\/div><\/div>\n\n\n\n<a class=\"gb-element-f5ed63f1\" href=\"https:\/\/qanta.energy\/en\/about-us\/\">\n<span class=\"gb-shape gb-shape-a8e234aa\"><svg width=\"100%\" height=\"100%\" viewBox=\"0 0 20 20\" fill=\"none\" xmlns=\"http:\/\/www.w3.org\/2000\/svg\">\n<path d=\"M10.6464 18.3526C10.8417 18.5478 11.1583 18.5478 11.3536 18.3526C11.5488 18.1573 11.5488 17.8407 11.3536 17.6455L4.20711 10.499L17 10.499V9.49902L4.20711 9.49902L11.3536 2.35258C11.5488 2.15732 11.5488 1.84073 11.3536 1.64547C11.1583 1.45021 10.8417 1.45021 10.6464 1.64547L2.64645 9.64547C2.45118 9.84073 2.45118 10.1573 2.64645 10.3526L10.6464 18.3526Z\" fill=\"currentColor\"><\/path>\n<\/svg><\/span>\n<\/a>\n<\/div>\n","protected":false},"excerpt":{"rendered":"<p>Michael Mitchell Chief Marketing Officer &#8220;A clearly-communicated vision is as vital as a strong network. The energy transition is a complex topic that needs to be simple to understand without loosing sight of the fundamental values that drive it.&#8221; Michael Mitchell leads Qanta\u2019s efforts to ensure that core messages and values are clearly communicated across &#8230; <a title=\"Michael Mitchell\" class=\"read-more\" href=\"https:\/\/qanta.energy\/en\/about-us\/michael-mitchell\/\" aria-label=\"Read more about Michael Mitchell\">Read more<\/a><\/p>\n","protected":false},"author":1,"featured_media":0,"parent":49798,"menu_order":0,"comment_status":"closed","ping_status":"closed","template":"","meta":{"_acf_changed":false,"footnotes":""},"class_list":["post-51207","page","type-page","status-publish"],"acf":[],"yoast_head":"<!-- This site is optimized with the Yoast SEO plugin v27.3 - https:\/\/yoast.com\/product\/yoast-seo-wordpress\/ -->\n<title>Michael Mitchell - Qanta Energy<\/title>\n<meta name=\"robots\" content=\"index, follow, max-snippet:-1, max-image-preview:large, max-video-preview:-1\" \/>\n<link rel=\"canonical\" href=\"https:\/\/qanta.energy\/en\/about-us\/michael-mitchell\/\" \/>\n<meta property=\"og:locale\" content=\"en_US\" \/>\n<meta property=\"og:type\" content=\"article\" \/>\n<meta property=\"og:title\" content=\"Michael Mitchell - Qanta Energy\" \/>\n<meta property=\"og:description\" content=\"Michael Mitchell Chief Marketing Officer &#8220;A clearly-communicated vision is as vital as a strong network. The energy transition is a complex topic that needs to be simple to understand without loosing sight of the fundamental values that drive it.&#8221; Michael Mitchell leads Qanta\u2019s efforts to ensure that core messages and values are clearly communicated across ... Read more\" \/>\n<meta property=\"og:url\" content=\"https:\/\/qanta.energy\/en\/about-us\/michael-mitchell\/\" \/>\n<meta property=\"og:site_name\" content=\"Qanta Energy\" \/>\n<meta property=\"article:modified_time\" content=\"2026-01-23T10:48:45+00:00\" \/>\n<meta property=\"og:image\" content=\"https:\/\/qanta.energy\/wp-content\/uploads\/2025\/12\/qanta-energy-michael-mitchell.jpg\" \/>\n<meta name=\"twitter:card\" content=\"summary_large_image\" \/>\n<script type=\"application\/ld+json\" class=\"yoast-schema-graph\">{\"@context\":\"https:\\\/\\\/schema.org\",\"@graph\":[{\"@type\":\"WebPage\",\"@id\":\"https:\\\/\\\/qanta.energy\\\/en\\\/about-us\\\/michael-mitchell\\\/\",\"url\":\"https:\\\/\\\/qanta.energy\\\/en\\\/about-us\\\/michael-mitchell\\\/\",\"name\":\"Michael Mitchell - Qanta Energy\",\"isPartOf\":{\"@id\":\"https:\\\/\\\/qanta.energy\\\/en\\\/#website\"},\"primaryImageOfPage\":{\"@id\":\"https:\\\/\\\/qanta.energy\\\/en\\\/about-us\\\/michael-mitchell\\\/#primaryimage\"},\"image\":{\"@id\":\"https:\\\/\\\/qanta.energy\\\/en\\\/about-us\\\/michael-mitchell\\\/#primaryimage\"},\"thumbnailUrl\":\"https:\\\/\\\/qanta.energy\\\/wp-content\\\/uploads\\\/2025\\\/12\\\/qanta-energy-michael-mitchell.jpg\",\"datePublished\":\"2025-12-18T14:51:08+00:00\",\"dateModified\":\"2026-01-23T10:48:45+00:00\",\"breadcrumb\":{\"@id\":\"https:\\\/\\\/qanta.energy\\\/en\\\/about-us\\\/michael-mitchell\\\/#breadcrumb\"},\"inLanguage\":\"en-US\",\"potentialAction\":[{\"@type\":\"ReadAction\",\"target\":[\"https:\\\/\\\/qanta.energy\\\/en\\\/about-us\\\/michael-mitchell\\\/\"]}]},{\"@type\":\"ImageObject\",\"inLanguage\":\"en-US\",\"@id\":\"https:\\\/\\\/qanta.energy\\\/en\\\/about-us\\\/michael-mitchell\\\/#primaryimage\",\"url\":\"https:\\\/\\\/qanta.energy\\\/wp-content\\\/uploads\\\/2025\\\/12\\\/qanta-energy-michael-mitchell.jpg\",\"contentUrl\":\"https:\\\/\\\/qanta.energy\\\/wp-content\\\/uploads\\\/2025\\\/12\\\/qanta-energy-michael-mitchell.jpg\"},{\"@type\":\"BreadcrumbList\",\"@id\":\"https:\\\/\\\/qanta.energy\\\/en\\\/about-us\\\/michael-mitchell\\\/#breadcrumb\",\"itemListElement\":[{\"@type\":\"ListItem\",\"position\":1,\"name\":\"Accueil\",\"item\":\"https:\\\/\\\/qanta.energy\\\/en\\\/\"},{\"@type\":\"ListItem\",\"position\":2,\"name\":\"We Are\",\"item\":\"https:\\\/\\\/qanta.energy\\\/en\\\/about-us\\\/\"},{\"@type\":\"ListItem\",\"position\":3,\"name\":\"Michael Mitchell\"}]},{\"@type\":\"WebSite\",\"@id\":\"https:\\\/\\\/qanta.energy\\\/en\\\/#website\",\"url\":\"https:\\\/\\\/qanta.energy\\\/en\\\/\",\"name\":\"Qanta Energy\",\"description\":\"Votre ind\u00e9pendance \u00e9nerg\u00e9tique sans investissement.\",\"publisher\":{\"@id\":\"https:\\\/\\\/qanta.energy\\\/en\\\/#organization\"},\"potentialAction\":[{\"@type\":\"SearchAction\",\"target\":{\"@type\":\"EntryPoint\",\"urlTemplate\":\"https:\\\/\\\/qanta.energy\\\/en\\\/?s={search_term_string}\"},\"query-input\":{\"@type\":\"PropertyValueSpecification\",\"valueRequired\":true,\"valueName\":\"search_term_string\"}}],\"inLanguage\":\"en-US\"},{\"@type\":\"Organization\",\"@id\":\"https:\\\/\\\/qanta.energy\\\/en\\\/#organization\",\"name\":\"Qanta Energy\",\"url\":\"https:\\\/\\\/qanta.energy\\\/en\\\/\",\"logo\":{\"@type\":\"ImageObject\",\"inLanguage\":\"en-US\",\"@id\":\"https:\\\/\\\/qanta.energy\\\/en\\\/#\\\/schema\\\/logo\\\/image\\\/\",\"url\":\"https:\\\/\\\/qanta.energy\\\/wp-content\\\/uploads\\\/2025\\\/12\\\/logo-qanta-energy-suisse.svg\",\"contentUrl\":\"https:\\\/\\\/qanta.energy\\\/wp-content\\\/uploads\\\/2025\\\/12\\\/logo-qanta-energy-suisse.svg\",\"width\":815,\"height\":161,\"caption\":\"Qanta Energy\"},\"image\":{\"@id\":\"https:\\\/\\\/qanta.energy\\\/en\\\/#\\\/schema\\\/logo\\\/image\\\/\"}}]}<\/script>\n<!-- \/ Yoast SEO plugin. -->","yoast_head_json":{"title":"Michael Mitchell - Qanta Energy","robots":{"index":"index","follow":"follow","max-snippet":"max-snippet:-1","max-image-preview":"max-image-preview:large","max-video-preview":"max-video-preview:-1"},"canonical":"https:\/\/qanta.energy\/en\/about-us\/michael-mitchell\/","og_locale":"en_US","og_type":"article","og_title":"Michael Mitchell - Qanta Energy","og_description":"Michael Mitchell Chief Marketing Officer &#8220;A clearly-communicated vision is as vital as a strong network. The energy transition is a complex topic that needs to be simple to understand without loosing sight of the fundamental values that drive it.&#8221; Michael Mitchell leads Qanta\u2019s efforts to ensure that core messages and values are clearly communicated across ... Read more","og_url":"https:\/\/qanta.energy\/en\/about-us\/michael-mitchell\/","og_site_name":"Qanta Energy","article_modified_time":"2026-01-23T10:48:45+00:00","og_image":[{"url":"https:\/\/qanta.energy\/wp-content\/uploads\/2025\/12\/qanta-energy-michael-mitchell.jpg","type":"","width":"","height":""}],"twitter_card":"summary_large_image","schema":{"@context":"https:\/\/schema.org","@graph":[{"@type":"WebPage","@id":"https:\/\/qanta.energy\/en\/about-us\/michael-mitchell\/","url":"https:\/\/qanta.energy\/en\/about-us\/michael-mitchell\/","name":"Michael Mitchell - Qanta Energy","isPartOf":{"@id":"https:\/\/qanta.energy\/en\/#website"},"primaryImageOfPage":{"@id":"https:\/\/qanta.energy\/en\/about-us\/michael-mitchell\/#primaryimage"},"image":{"@id":"https:\/\/qanta.energy\/en\/about-us\/michael-mitchell\/#primaryimage"},"thumbnailUrl":"https:\/\/qanta.energy\/wp-content\/uploads\/2025\/12\/qanta-energy-michael-mitchell.jpg","datePublished":"2025-12-18T14:51:08+00:00","dateModified":"2026-01-23T10:48:45+00:00","breadcrumb":{"@id":"https:\/\/qanta.energy\/en\/about-us\/michael-mitchell\/#breadcrumb"},"inLanguage":"en-US","potentialAction":[{"@type":"ReadAction","target":["https:\/\/qanta.energy\/en\/about-us\/michael-mitchell\/"]}]},{"@type":"ImageObject","inLanguage":"en-US","@id":"https:\/\/qanta.energy\/en\/about-us\/michael-mitchell\/#primaryimage","url":"https:\/\/qanta.energy\/wp-content\/uploads\/2025\/12\/qanta-energy-michael-mitchell.jpg","contentUrl":"https:\/\/qanta.energy\/wp-content\/uploads\/2025\/12\/qanta-energy-michael-mitchell.jpg"},{"@type":"BreadcrumbList","@id":"https:\/\/qanta.energy\/en\/about-us\/michael-mitchell\/#breadcrumb","itemListElement":[{"@type":"ListItem","position":1,"name":"Accueil","item":"https:\/\/qanta.energy\/en\/"},{"@type":"ListItem","position":2,"name":"We Are","item":"https:\/\/qanta.energy\/en\/about-us\/"},{"@type":"ListItem","position":3,"name":"Michael Mitchell"}]},{"@type":"WebSite","@id":"https:\/\/qanta.energy\/en\/#website","url":"https:\/\/qanta.energy\/en\/","name":"Qanta Energy","description":"Votre ind\u00e9pendance \u00e9nerg\u00e9tique sans investissement.","publisher":{"@id":"https:\/\/qanta.energy\/en\/#organization"},"potentialAction":[{"@type":"SearchAction","target":{"@type":"EntryPoint","urlTemplate":"https:\/\/qanta.energy\/en\/?s={search_term_string}"},"query-input":{"@type":"PropertyValueSpecification","valueRequired":true,"valueName":"search_term_string"}}],"inLanguage":"en-US"},{"@type":"Organization","@id":"https:\/\/qanta.energy\/en\/#organization","name":"Qanta Energy","url":"https:\/\/qanta.energy\/en\/","logo":{"@type":"ImageObject","inLanguage":"en-US","@id":"https:\/\/qanta.energy\/en\/#\/schema\/logo\/image\/","url":"https:\/\/qanta.energy\/wp-content\/uploads\/2025\/12\/logo-qanta-energy-suisse.svg","contentUrl":"https:\/\/qanta.energy\/wp-content\/uploads\/2025\/12\/logo-qanta-energy-suisse.svg","width":815,"height":161,"caption":"Qanta Energy"},"image":{"@id":"https:\/\/qanta.energy\/en\/#\/schema\/logo\/image\/"}}]}},"_links":{"self":[{"href":"https:\/\/qanta.energy\/en\/wp-json\/wp\/v2\/pages\/51207","targetHints":{"allow":["GET"]}}],"collection":[{"href":"https:\/\/qanta.energy\/en\/wp-json\/wp\/v2\/pages"}],"about":[{"href":"https:\/\/qanta.energy\/en\/wp-json\/wp\/v2\/types\/page"}],"author":[{"embeddable":true,"href":"https:\/\/qanta.energy\/en\/wp-json\/wp\/v2\/users\/1"}],"replies":[{"embeddable":true,"href":"https:\/\/qanta.energy\/en\/wp-json\/wp\/v2\/comments?post=51207"}],"version-history":[{"count":0,"href":"https:\/\/qanta.energy\/en\/wp-json\/wp\/v2\/pages\/51207\/revisions"}],"up":[{"embeddable":true,"href":"https:\/\/qanta.energy\/en\/wp-json\/wp\/v2\/pages\/49798"}],"wp:attachment":[{"href":"https:\/\/qanta.energy\/en\/wp-json\/wp\/v2\/media?parent=51207"}],"curies":[{"name":"wp","href":"https:\/\/api.w.org\/{rel}","templated":true}]}}