{"id":51209,"date":"2025-12-18T15:51:54","date_gmt":"2025-12-18T14:51:54","guid":{"rendered":"https:\/\/qanta.marie-rabault.com\/?page_id=51209"},"modified":"2026-01-13T14:33:39","modified_gmt":"2026-01-13T13:33:39","slug":"cedric-senetaire","status":"publish","type":"page","link":"https:\/\/qanta.energy\/en\/about-us\/cedric-senetaire\/","title":{"rendered":"C\u00e9dric Senetaire"},"content":{"rendered":"\n<div class=\"gb-element-0897d6e7\">\n<div class=\"gb-element-a76aa84a\">\n<div>\n<h1 class=\"gb-text gb-text-40c03e9c\"><strong>C\u00e9dric Senetaire<\/strong><\/h1>\n\n\n\n<p class=\"gb-text gb-text-09d28740\">Sales Director<\/p>\n\n\n\n<ul class=\"wp-block-social-links has-large-icon-size has-icon-color is-style-logos-only is-layout-flex wp-block-social-links-is-layout-flex\"><li style=\"color:var(--contrast);\" class=\"wp-social-link wp-social-link-linkedin has-contrast-color wp-block-social-link\"><a rel=\"noopener nofollow\" target=\"_blank\" href=\"https:\/\/www.linkedin.com\/in\/c%C3%A9dric-s-9a9b837a\/\" class=\"wp-block-social-link-anchor\"><svg width=\"24\" height=\"24\" viewBox=\"0 0 24 24\" version=\"1.1\" xmlns=\"http:\/\/www.w3.org\/2000\/svg\" aria-hidden=\"true\" focusable=\"false\"><path d=\"M19.7,3H4.3C3.582,3,3,3.582,3,4.3v15.4C3,20.418,3.582,21,4.3,21h15.4c0.718,0,1.3-0.582,1.3-1.3V4.3 C21,3.582,20.418,3,19.7,3z M8.339,18.338H5.667v-8.59h2.672V18.338z M7.004,8.574c-0.857,0-1.549-0.694-1.549-1.548 c0-0.855,0.691-1.548,1.549-1.548c0.854,0,1.547,0.694,1.547,1.548C8.551,7.881,7.858,8.574,7.004,8.574z M18.339,18.338h-2.669 v-4.177c0-0.996-0.017-2.278-1.387-2.278c-1.389,0-1.601,1.086-1.601,2.206v4.249h-2.667v-8.59h2.559v1.174h0.037 c0.356-0.675,1.227-1.387,2.526-1.387c2.703,0,3.203,1.779,3.203,4.092V18.338z\"><\/path><\/svg><span class=\"wp-block-social-link-label screen-reader-text\">LinkedIn<\/span><\/a><\/li><\/ul>\n<\/div>\n\n\n\n<div>\n<blockquote class=\"wp-block-quote is-layout-flow wp-block-quote-is-layout-flow\">\n<p>&#8220;The energy transition depends on systems designed to last: from project definition to long-term operation, every stage must integrate technical robustness, economic viability, and regulatory coherence.&#8221;<\/p>\n<\/blockquote>\n\n\n\n<img loading=\"lazy\" decoding=\"async\" width=\"1000\" height=\"800\" class=\"gb-media-7ca2a9a7\" alt=\"\" title=\"qanta-energy-cedric-senetaire\" src=\"https:\/\/qanta.energy\/wp-content\/uploads\/2025\/12\/qanta-energy-cedric-senetaire.jpg\" srcset=\"https:\/\/qanta.energy\/wp-content\/uploads\/2025\/12\/qanta-energy-cedric-senetaire.jpg 1000w, https:\/\/qanta.energy\/wp-content\/uploads\/2025\/12\/qanta-energy-cedric-senetaire-300x240.jpg 300w, https:\/\/qanta.energy\/wp-content\/uploads\/2025\/12\/qanta-energy-cedric-senetaire-768x614.jpg 768w\" sizes=\"auto, (max-width: 1000px) 100vw, 1000px\" \/>\n\n\n\n<p><strong>C\u00e9dric Senetaire <\/strong>oversees the optimization of clients\u2019 industrial systems through energy performance measures and manages the operation of Qanta\u2019s assets. He ensures reliability and cost control of projects, from initial technical assessments through to operations. His role combines deep technical facility management experience with commercial expertise, covering system audits, contractual structuring, and performance monitoring.&nbsp;<\/p>\n\n\n\n<p>His career spans over two decades with roles at Dalkia (Veolia) in France and Alpiq in Switzerland. C\u00e9dric has worked across industrial utilities and large-scale infrastructure, developing solutions that optimize energy performance and reduce operational risks. His approach emphasizes collaboration with engineering, finance, and IT teams, building trust with clients, and aligning projects with long-term objectives such as decarbonization, building renovation, and centralized heating networks.&nbsp;<\/p>\n<\/div>\n<\/div>\n\n\n\n<a class=\"gb-element-f5ed63f1\" href=\"https:\/\/qanta.energy\/en\/about-us\/\">\n<span class=\"gb-shape gb-shape-a8e234aa\"><svg xmlns=\"http:\/\/www.w3.org\/2000\/svg\" fill=\"none\" viewBox=\"0 0 20 20\" height=\"100%\" width=\"100%\">\n<path fill=\"currentColor\" d=\"M10.6464 18.3526C10.8417 18.5478 11.1583 18.5478 11.3536 18.3526C11.5488 18.1573 11.5488 17.8407 11.3536 17.6455L4.20711 10.499L17 10.499V9.49902L4.20711 9.49902L11.3536 2.35258C11.5488 2.15732 11.5488 1.84073 11.3536 1.64547C11.1583 1.45021 10.8417 1.45021 10.6464 1.64547L2.64645 9.64547C2.45118 9.84073 2.45118 10.1573 2.64645 10.3526L10.6464 18.3526Z\"><\/path>\n<\/svg><\/span>\n<\/a>\n<\/div>\n","protected":false},"excerpt":{"rendered":"<p>C\u00e9dric Senetaire Sales Director &#8220;The energy transition depends on systems designed to last: from project definition to long-term operation, every stage must integrate technical robustness, economic viability, and regulatory coherence.&#8221; C\u00e9dric Senetaire oversees the optimization of clients\u2019 industrial systems through energy performance measures and manages the operation of Qanta\u2019s assets. He ensures reliability and cost &#8230; <a title=\"C\u00e9dric Senetaire\" class=\"read-more\" href=\"https:\/\/qanta.energy\/en\/about-us\/cedric-senetaire\/\" aria-label=\"Read more about C\u00e9dric Senetaire\">Read more<\/a><\/p>\n","protected":false},"author":1,"featured_media":0,"parent":49798,"menu_order":0,"comment_status":"closed","ping_status":"closed","template":"","meta":{"_acf_changed":false,"footnotes":""},"class_list":["post-51209","page","type-page","status-publish"],"acf":[],"yoast_head":"<!-- This site is optimized with the Yoast SEO plugin v27.3 - https:\/\/yoast.com\/product\/yoast-seo-wordpress\/ -->\n<title>C\u00e9dric Senetaire - Qanta Energy<\/title>\n<meta name=\"robots\" content=\"index, follow, max-snippet:-1, max-image-preview:large, max-video-preview:-1\" \/>\n<link rel=\"canonical\" href=\"https:\/\/qanta.energy\/en\/about-us\/cedric-senetaire\/\" \/>\n<meta property=\"og:locale\" content=\"en_US\" \/>\n<meta property=\"og:type\" content=\"article\" \/>\n<meta property=\"og:title\" content=\"C\u00e9dric Senetaire - Qanta Energy\" \/>\n<meta property=\"og:description\" content=\"C\u00e9dric Senetaire Sales Director &#8220;The energy transition depends on systems designed to last: from project definition to long-term operation, every stage must integrate technical robustness, economic viability, and regulatory coherence.&#8221; C\u00e9dric Senetaire oversees the optimization of clients\u2019 industrial systems through energy performance measures and manages the operation of Qanta\u2019s assets. He ensures reliability and cost ... Read more\" \/>\n<meta property=\"og:url\" content=\"https:\/\/qanta.energy\/en\/about-us\/cedric-senetaire\/\" \/>\n<meta property=\"og:site_name\" content=\"Qanta Energy\" \/>\n<meta property=\"article:modified_time\" content=\"2026-01-13T13:33:39+00:00\" \/>\n<meta property=\"og:image\" content=\"https:\/\/qanta.energy\/wp-content\/uploads\/2025\/12\/qanta-energy-cedric-senetaire.jpg\" \/>\n<meta name=\"twitter:card\" content=\"summary_large_image\" \/>\n<script type=\"application\/ld+json\" class=\"yoast-schema-graph\">{\"@context\":\"https:\\\/\\\/schema.org\",\"@graph\":[{\"@type\":\"WebPage\",\"@id\":\"https:\\\/\\\/qanta.energy\\\/en\\\/about-us\\\/cedric-senetaire\\\/\",\"url\":\"https:\\\/\\\/qanta.energy\\\/en\\\/about-us\\\/cedric-senetaire\\\/\",\"name\":\"C\u00e9dric Senetaire - Qanta Energy\",\"isPartOf\":{\"@id\":\"https:\\\/\\\/qanta.energy\\\/en\\\/#website\"},\"primaryImageOfPage\":{\"@id\":\"https:\\\/\\\/qanta.energy\\\/en\\\/about-us\\\/cedric-senetaire\\\/#primaryimage\"},\"image\":{\"@id\":\"https:\\\/\\\/qanta.energy\\\/en\\\/about-us\\\/cedric-senetaire\\\/#primaryimage\"},\"thumbnailUrl\":\"https:\\\/\\\/qanta.energy\\\/wp-content\\\/uploads\\\/2025\\\/12\\\/qanta-energy-cedric-senetaire.jpg\",\"datePublished\":\"2025-12-18T14:51:54+00:00\",\"dateModified\":\"2026-01-13T13:33:39+00:00\",\"breadcrumb\":{\"@id\":\"https:\\\/\\\/qanta.energy\\\/en\\\/about-us\\\/cedric-senetaire\\\/#breadcrumb\"},\"inLanguage\":\"en-US\",\"potentialAction\":[{\"@type\":\"ReadAction\",\"target\":[\"https:\\\/\\\/qanta.energy\\\/en\\\/about-us\\\/cedric-senetaire\\\/\"]}]},{\"@type\":\"ImageObject\",\"inLanguage\":\"en-US\",\"@id\":\"https:\\\/\\\/qanta.energy\\\/en\\\/about-us\\\/cedric-senetaire\\\/#primaryimage\",\"url\":\"https:\\\/\\\/qanta.energy\\\/wp-content\\\/uploads\\\/2025\\\/12\\\/qanta-energy-cedric-senetaire.jpg\",\"contentUrl\":\"https:\\\/\\\/qanta.energy\\\/wp-content\\\/uploads\\\/2025\\\/12\\\/qanta-energy-cedric-senetaire.jpg\"},{\"@type\":\"BreadcrumbList\",\"@id\":\"https:\\\/\\\/qanta.energy\\\/en\\\/about-us\\\/cedric-senetaire\\\/#breadcrumb\",\"itemListElement\":[{\"@type\":\"ListItem\",\"position\":1,\"name\":\"Accueil\",\"item\":\"https:\\\/\\\/qanta.energy\\\/en\\\/\"},{\"@type\":\"ListItem\",\"position\":2,\"name\":\"We Are\",\"item\":\"https:\\\/\\\/qanta.energy\\\/en\\\/about-us\\\/\"},{\"@type\":\"ListItem\",\"position\":3,\"name\":\"C\u00e9dric Senetaire\"}]},{\"@type\":\"WebSite\",\"@id\":\"https:\\\/\\\/qanta.energy\\\/en\\\/#website\",\"url\":\"https:\\\/\\\/qanta.energy\\\/en\\\/\",\"name\":\"Qanta Energy\",\"description\":\"Votre ind\u00e9pendance \u00e9nerg\u00e9tique sans investissement.\",\"publisher\":{\"@id\":\"https:\\\/\\\/qanta.energy\\\/en\\\/#organization\"},\"potentialAction\":[{\"@type\":\"SearchAction\",\"target\":{\"@type\":\"EntryPoint\",\"urlTemplate\":\"https:\\\/\\\/qanta.energy\\\/en\\\/?s={search_term_string}\"},\"query-input\":{\"@type\":\"PropertyValueSpecification\",\"valueRequired\":true,\"valueName\":\"search_term_string\"}}],\"inLanguage\":\"en-US\"},{\"@type\":\"Organization\",\"@id\":\"https:\\\/\\\/qanta.energy\\\/en\\\/#organization\",\"name\":\"Qanta Energy\",\"url\":\"https:\\\/\\\/qanta.energy\\\/en\\\/\",\"logo\":{\"@type\":\"ImageObject\",\"inLanguage\":\"en-US\",\"@id\":\"https:\\\/\\\/qanta.energy\\\/en\\\/#\\\/schema\\\/logo\\\/image\\\/\",\"url\":\"https:\\\/\\\/qanta.energy\\\/wp-content\\\/uploads\\\/2025\\\/12\\\/logo-qanta-energy-suisse.svg\",\"contentUrl\":\"https:\\\/\\\/qanta.energy\\\/wp-content\\\/uploads\\\/2025\\\/12\\\/logo-qanta-energy-suisse.svg\",\"width\":815,\"height\":161,\"caption\":\"Qanta Energy\"},\"image\":{\"@id\":\"https:\\\/\\\/qanta.energy\\\/en\\\/#\\\/schema\\\/logo\\\/image\\\/\"}}]}<\/script>\n<!-- \/ Yoast SEO plugin. -->","yoast_head_json":{"title":"C\u00e9dric Senetaire - Qanta Energy","robots":{"index":"index","follow":"follow","max-snippet":"max-snippet:-1","max-image-preview":"max-image-preview:large","max-video-preview":"max-video-preview:-1"},"canonical":"https:\/\/qanta.energy\/en\/about-us\/cedric-senetaire\/","og_locale":"en_US","og_type":"article","og_title":"C\u00e9dric Senetaire - Qanta Energy","og_description":"C\u00e9dric Senetaire Sales Director &#8220;The energy transition depends on systems designed to last: from project definition to long-term operation, every stage must integrate technical robustness, economic viability, and regulatory coherence.&#8221; C\u00e9dric Senetaire oversees the optimization of clients\u2019 industrial systems through energy performance measures and manages the operation of Qanta\u2019s assets. He ensures reliability and cost ... Read more","og_url":"https:\/\/qanta.energy\/en\/about-us\/cedric-senetaire\/","og_site_name":"Qanta Energy","article_modified_time":"2026-01-13T13:33:39+00:00","og_image":[{"url":"https:\/\/qanta.energy\/wp-content\/uploads\/2025\/12\/qanta-energy-cedric-senetaire.jpg","type":"","width":"","height":""}],"twitter_card":"summary_large_image","schema":{"@context":"https:\/\/schema.org","@graph":[{"@type":"WebPage","@id":"https:\/\/qanta.energy\/en\/about-us\/cedric-senetaire\/","url":"https:\/\/qanta.energy\/en\/about-us\/cedric-senetaire\/","name":"C\u00e9dric Senetaire - Qanta Energy","isPartOf":{"@id":"https:\/\/qanta.energy\/en\/#website"},"primaryImageOfPage":{"@id":"https:\/\/qanta.energy\/en\/about-us\/cedric-senetaire\/#primaryimage"},"image":{"@id":"https:\/\/qanta.energy\/en\/about-us\/cedric-senetaire\/#primaryimage"},"thumbnailUrl":"https:\/\/qanta.energy\/wp-content\/uploads\/2025\/12\/qanta-energy-cedric-senetaire.jpg","datePublished":"2025-12-18T14:51:54+00:00","dateModified":"2026-01-13T13:33:39+00:00","breadcrumb":{"@id":"https:\/\/qanta.energy\/en\/about-us\/cedric-senetaire\/#breadcrumb"},"inLanguage":"en-US","potentialAction":[{"@type":"ReadAction","target":["https:\/\/qanta.energy\/en\/about-us\/cedric-senetaire\/"]}]},{"@type":"ImageObject","inLanguage":"en-US","@id":"https:\/\/qanta.energy\/en\/about-us\/cedric-senetaire\/#primaryimage","url":"https:\/\/qanta.energy\/wp-content\/uploads\/2025\/12\/qanta-energy-cedric-senetaire.jpg","contentUrl":"https:\/\/qanta.energy\/wp-content\/uploads\/2025\/12\/qanta-energy-cedric-senetaire.jpg"},{"@type":"BreadcrumbList","@id":"https:\/\/qanta.energy\/en\/about-us\/cedric-senetaire\/#breadcrumb","itemListElement":[{"@type":"ListItem","position":1,"name":"Accueil","item":"https:\/\/qanta.energy\/en\/"},{"@type":"ListItem","position":2,"name":"We Are","item":"https:\/\/qanta.energy\/en\/about-us\/"},{"@type":"ListItem","position":3,"name":"C\u00e9dric Senetaire"}]},{"@type":"WebSite","@id":"https:\/\/qanta.energy\/en\/#website","url":"https:\/\/qanta.energy\/en\/","name":"Qanta Energy","description":"Votre ind\u00e9pendance \u00e9nerg\u00e9tique sans investissement.","publisher":{"@id":"https:\/\/qanta.energy\/en\/#organization"},"potentialAction":[{"@type":"SearchAction","target":{"@type":"EntryPoint","urlTemplate":"https:\/\/qanta.energy\/en\/?s={search_term_string}"},"query-input":{"@type":"PropertyValueSpecification","valueRequired":true,"valueName":"search_term_string"}}],"inLanguage":"en-US"},{"@type":"Organization","@id":"https:\/\/qanta.energy\/en\/#organization","name":"Qanta Energy","url":"https:\/\/qanta.energy\/en\/","logo":{"@type":"ImageObject","inLanguage":"en-US","@id":"https:\/\/qanta.energy\/en\/#\/schema\/logo\/image\/","url":"https:\/\/qanta.energy\/wp-content\/uploads\/2025\/12\/logo-qanta-energy-suisse.svg","contentUrl":"https:\/\/qanta.energy\/wp-content\/uploads\/2025\/12\/logo-qanta-energy-suisse.svg","width":815,"height":161,"caption":"Qanta Energy"},"image":{"@id":"https:\/\/qanta.energy\/en\/#\/schema\/logo\/image\/"}}]}},"_links":{"self":[{"href":"https:\/\/qanta.energy\/en\/wp-json\/wp\/v2\/pages\/51209","targetHints":{"allow":["GET"]}}],"collection":[{"href":"https:\/\/qanta.energy\/en\/wp-json\/wp\/v2\/pages"}],"about":[{"href":"https:\/\/qanta.energy\/en\/wp-json\/wp\/v2\/types\/page"}],"author":[{"embeddable":true,"href":"https:\/\/qanta.energy\/en\/wp-json\/wp\/v2\/users\/1"}],"replies":[{"embeddable":true,"href":"https:\/\/qanta.energy\/en\/wp-json\/wp\/v2\/comments?post=51209"}],"version-history":[{"count":0,"href":"https:\/\/qanta.energy\/en\/wp-json\/wp\/v2\/pages\/51209\/revisions"}],"up":[{"embeddable":true,"href":"https:\/\/qanta.energy\/en\/wp-json\/wp\/v2\/pages\/49798"}],"wp:attachment":[{"href":"https:\/\/qanta.energy\/en\/wp-json\/wp\/v2\/media?parent=51209"}],"curies":[{"name":"wp","href":"https:\/\/api.w.org\/{rel}","templated":true}]}}