{"id":51211,"date":"2025-12-18T15:53:40","date_gmt":"2025-12-18T14:53:40","guid":{"rendered":"https:\/\/qanta.marie-rabault.com\/?page_id=51211"},"modified":"2026-01-08T08:58:06","modified_gmt":"2026-01-08T07:58:06","slug":"giulio-caimi","status":"publish","type":"page","link":"https:\/\/qanta.energy\/en\/about-us\/giulio-caimi\/","title":{"rendered":"Giulio Caimi"},"content":{"rendered":"\n<div class=\"gb-element-0897d6e7\">\n<div class=\"gb-element-a76aa84a\">\n<div>\n<h1 class=\"gb-text gb-text-40c03e9c\">Giulio Caimi<\/h1>\n\n\n\n<p class=\"gb-text gb-text-09d28740\">VP Business Development<\/p>\n\n\n\n<ul class=\"wp-block-social-links has-large-icon-size has-icon-color is-style-logos-only is-layout-flex wp-block-social-links-is-layout-flex\"><li style=\"color:var(--contrast);\" class=\"wp-social-link wp-social-link-linkedin has-contrast-color wp-block-social-link\"><a rel=\"noopener nofollow\" target=\"_blank\" href=\"https:\/\/www.linkedin.com\/in\/giuliocaimi\/\" class=\"wp-block-social-link-anchor\"><svg width=\"24\" height=\"24\" viewBox=\"0 0 24 24\" version=\"1.1\" xmlns=\"http:\/\/www.w3.org\/2000\/svg\" aria-hidden=\"true\" focusable=\"false\"><path d=\"M19.7,3H4.3C3.582,3,3,3.582,3,4.3v15.4C3,20.418,3.582,21,4.3,21h15.4c0.718,0,1.3-0.582,1.3-1.3V4.3 C21,3.582,20.418,3,19.7,3z M8.339,18.338H5.667v-8.59h2.672V18.338z M7.004,8.574c-0.857,0-1.549-0.694-1.549-1.548 c0-0.855,0.691-1.548,1.549-1.548c0.854,0,1.547,0.694,1.547,1.548C8.551,7.881,7.858,8.574,7.004,8.574z M18.339,18.338h-2.669 v-4.177c0-0.996-0.017-2.278-1.387-2.278c-1.389,0-1.601,1.086-1.601,2.206v4.249h-2.667v-8.59h2.559v1.174h0.037 c0.356-0.675,1.227-1.387,2.526-1.387c2.703,0,3.203,1.779,3.203,4.092V18.338z\"><\/path><\/svg><span class=\"wp-block-social-link-label screen-reader-text\">LinkedIn<\/span><\/a><\/li><\/ul>\n<\/div>\n\n\n\n<div>\n<blockquote class=\"wp-block-quote is-layout-flow wp-block-quote-is-layout-flow\">\n<p>&#8220;Every local partnership is a building block of sovereignty. Our approach is founded on an expert understanding of the long-term social and technical implications of each project.&#8221;<\/p>\n<\/blockquote>\n\n\n\n<img loading=\"lazy\" decoding=\"async\" width=\"1000\" height=\"801\" class=\"gb-media-7ca2a9a7\" alt=\"\" title=\"qanta-giulio-caimi\" src=\"https:\/\/qanta.energy\/wp-content\/uploads\/2025\/12\/qanta-giulio-caimi.jpg\" srcset=\"https:\/\/qanta.energy\/wp-content\/uploads\/2025\/12\/qanta-giulio-caimi.jpg 1000w, https:\/\/qanta.energy\/wp-content\/uploads\/2025\/12\/qanta-giulio-caimi-300x240.jpg 300w, https:\/\/qanta.energy\/wp-content\/uploads\/2025\/12\/qanta-giulio-caimi-768x615.jpg 768w\" sizes=\"auto, (max-width: 1000px) 100vw, 1000px\" \/>\n\n\n\n<p><strong>Giulio Caimi <\/strong>leads Qanta\u2019s business development, managing stakeholders in Qanta\u2019s energy ecosystem. He drives partnerships with municipalities, energy utilities, strategic relationships, and engineering companies. He coordinates engineering and contracting to deliver resilient infrastructure for clients.&nbsp;<\/p>\n\n\n\n<p>He has worked more than 16 years in energy systems and project development, including executive roles at Romande Energie Services where he was responsible for their district heating sector, as well as their solar rooftop team.&nbsp;Giulio has managed complex engineering programs from concept to commissioning, negotiated partnerships with municipalities, and overseen contracting for multimillion CHF projects. &nbsp;<\/p>\n<\/div>\n<\/div>\n\n\n\n<a class=\"gb-element-f5ed63f1\" href=\"https:\/\/qanta.energy\/en\/about-us\/\">\n<span class=\"gb-shape gb-shape-a8e234aa\"><svg width=\"100%\" height=\"100%\" viewBox=\"0 0 20 20\" fill=\"none\" xmlns=\"http:\/\/www.w3.org\/2000\/svg\">\n<path d=\"M10.6464 18.3526C10.8417 18.5478 11.1583 18.5478 11.3536 18.3526C11.5488 18.1573 11.5488 17.8407 11.3536 17.6455L4.20711 10.499L17 10.499V9.49902L4.20711 9.49902L11.3536 2.35258C11.5488 2.15732 11.5488 1.84073 11.3536 1.64547C11.1583 1.45021 10.8417 1.45021 10.6464 1.64547L2.64645 9.64547C2.45118 9.84073 2.45118 10.1573 2.64645 10.3526L10.6464 18.3526Z\" fill=\"currentColor\"><\/path>\n<\/svg><\/span>\n<\/a>\n<\/div>\n","protected":false},"excerpt":{"rendered":"<p>Giulio Caimi VP Business Development &#8220;Every local partnership is a building block of sovereignty. Our approach is founded on an expert understanding of the long-term social and technical implications of each project.&#8221; Giulio Caimi leads Qanta\u2019s business development, managing stakeholders in Qanta\u2019s energy ecosystem. He drives partnerships with municipalities, energy utilities, strategic relationships, and engineering &#8230; <a title=\"Giulio Caimi\" class=\"read-more\" href=\"https:\/\/qanta.energy\/en\/about-us\/giulio-caimi\/\" aria-label=\"Read more about Giulio Caimi\">Read more<\/a><\/p>\n","protected":false},"author":1,"featured_media":0,"parent":49798,"menu_order":0,"comment_status":"closed","ping_status":"closed","template":"","meta":{"_acf_changed":false,"footnotes":""},"class_list":["post-51211","page","type-page","status-publish"],"acf":[],"yoast_head":"<!-- This site is optimized with the Yoast SEO plugin v27.3 - https:\/\/yoast.com\/product\/yoast-seo-wordpress\/ -->\n<title>Giulio Caimi - Qanta Energy<\/title>\n<meta name=\"robots\" content=\"index, follow, max-snippet:-1, max-image-preview:large, max-video-preview:-1\" \/>\n<link rel=\"canonical\" href=\"https:\/\/qanta.energy\/en\/about-us\/giulio-caimi\/\" \/>\n<meta property=\"og:locale\" content=\"en_US\" \/>\n<meta property=\"og:type\" content=\"article\" \/>\n<meta property=\"og:title\" content=\"Giulio Caimi - Qanta Energy\" \/>\n<meta property=\"og:description\" content=\"Giulio Caimi VP Business Development &#8220;Every local partnership is a building block of sovereignty. Our approach is founded on an expert understanding of the long-term social and technical implications of each project.&#8221; Giulio Caimi leads Qanta\u2019s business development, managing stakeholders in Qanta\u2019s energy ecosystem. He drives partnerships with municipalities, energy utilities, strategic relationships, and engineering ... Read more\" \/>\n<meta property=\"og:url\" content=\"https:\/\/qanta.energy\/en\/about-us\/giulio-caimi\/\" \/>\n<meta property=\"og:site_name\" content=\"Qanta Energy\" \/>\n<meta property=\"article:modified_time\" content=\"2026-01-08T07:58:06+00:00\" \/>\n<meta property=\"og:image\" content=\"https:\/\/qanta.energy\/wp-content\/uploads\/2025\/12\/qanta-giulio-caimi.jpg\" \/>\n<meta name=\"twitter:card\" content=\"summary_large_image\" \/>\n<script type=\"application\/ld+json\" class=\"yoast-schema-graph\">{\"@context\":\"https:\\\/\\\/schema.org\",\"@graph\":[{\"@type\":\"WebPage\",\"@id\":\"https:\\\/\\\/qanta.energy\\\/en\\\/about-us\\\/giulio-caimi\\\/\",\"url\":\"https:\\\/\\\/qanta.energy\\\/en\\\/about-us\\\/giulio-caimi\\\/\",\"name\":\"Giulio Caimi - Qanta Energy\",\"isPartOf\":{\"@id\":\"https:\\\/\\\/qanta.energy\\\/en\\\/#website\"},\"primaryImageOfPage\":{\"@id\":\"https:\\\/\\\/qanta.energy\\\/en\\\/about-us\\\/giulio-caimi\\\/#primaryimage\"},\"image\":{\"@id\":\"https:\\\/\\\/qanta.energy\\\/en\\\/about-us\\\/giulio-caimi\\\/#primaryimage\"},\"thumbnailUrl\":\"https:\\\/\\\/qanta.energy\\\/wp-content\\\/uploads\\\/2025\\\/12\\\/qanta-giulio-caimi.jpg\",\"datePublished\":\"2025-12-18T14:53:40+00:00\",\"dateModified\":\"2026-01-08T07:58:06+00:00\",\"breadcrumb\":{\"@id\":\"https:\\\/\\\/qanta.energy\\\/en\\\/about-us\\\/giulio-caimi\\\/#breadcrumb\"},\"inLanguage\":\"en-US\",\"potentialAction\":[{\"@type\":\"ReadAction\",\"target\":[\"https:\\\/\\\/qanta.energy\\\/en\\\/about-us\\\/giulio-caimi\\\/\"]}]},{\"@type\":\"ImageObject\",\"inLanguage\":\"en-US\",\"@id\":\"https:\\\/\\\/qanta.energy\\\/en\\\/about-us\\\/giulio-caimi\\\/#primaryimage\",\"url\":\"https:\\\/\\\/qanta.energy\\\/wp-content\\\/uploads\\\/2025\\\/12\\\/qanta-giulio-caimi.jpg\",\"contentUrl\":\"https:\\\/\\\/qanta.energy\\\/wp-content\\\/uploads\\\/2025\\\/12\\\/qanta-giulio-caimi.jpg\"},{\"@type\":\"BreadcrumbList\",\"@id\":\"https:\\\/\\\/qanta.energy\\\/en\\\/about-us\\\/giulio-caimi\\\/#breadcrumb\",\"itemListElement\":[{\"@type\":\"ListItem\",\"position\":1,\"name\":\"Accueil\",\"item\":\"https:\\\/\\\/qanta.energy\\\/en\\\/\"},{\"@type\":\"ListItem\",\"position\":2,\"name\":\"We Are\",\"item\":\"https:\\\/\\\/qanta.energy\\\/en\\\/about-us\\\/\"},{\"@type\":\"ListItem\",\"position\":3,\"name\":\"Giulio Caimi\"}]},{\"@type\":\"WebSite\",\"@id\":\"https:\\\/\\\/qanta.energy\\\/en\\\/#website\",\"url\":\"https:\\\/\\\/qanta.energy\\\/en\\\/\",\"name\":\"Qanta Energy\",\"description\":\"Votre ind\u00e9pendance \u00e9nerg\u00e9tique sans investissement.\",\"publisher\":{\"@id\":\"https:\\\/\\\/qanta.energy\\\/en\\\/#organization\"},\"potentialAction\":[{\"@type\":\"SearchAction\",\"target\":{\"@type\":\"EntryPoint\",\"urlTemplate\":\"https:\\\/\\\/qanta.energy\\\/en\\\/?s={search_term_string}\"},\"query-input\":{\"@type\":\"PropertyValueSpecification\",\"valueRequired\":true,\"valueName\":\"search_term_string\"}}],\"inLanguage\":\"en-US\"},{\"@type\":\"Organization\",\"@id\":\"https:\\\/\\\/qanta.energy\\\/en\\\/#organization\",\"name\":\"Qanta Energy\",\"url\":\"https:\\\/\\\/qanta.energy\\\/en\\\/\",\"logo\":{\"@type\":\"ImageObject\",\"inLanguage\":\"en-US\",\"@id\":\"https:\\\/\\\/qanta.energy\\\/en\\\/#\\\/schema\\\/logo\\\/image\\\/\",\"url\":\"https:\\\/\\\/qanta.energy\\\/wp-content\\\/uploads\\\/2025\\\/12\\\/logo-qanta-energy-suisse.svg\",\"contentUrl\":\"https:\\\/\\\/qanta.energy\\\/wp-content\\\/uploads\\\/2025\\\/12\\\/logo-qanta-energy-suisse.svg\",\"width\":815,\"height\":161,\"caption\":\"Qanta Energy\"},\"image\":{\"@id\":\"https:\\\/\\\/qanta.energy\\\/en\\\/#\\\/schema\\\/logo\\\/image\\\/\"}}]}<\/script>\n<!-- \/ Yoast SEO plugin. -->","yoast_head_json":{"title":"Giulio Caimi - Qanta Energy","robots":{"index":"index","follow":"follow","max-snippet":"max-snippet:-1","max-image-preview":"max-image-preview:large","max-video-preview":"max-video-preview:-1"},"canonical":"https:\/\/qanta.energy\/en\/about-us\/giulio-caimi\/","og_locale":"en_US","og_type":"article","og_title":"Giulio Caimi - Qanta Energy","og_description":"Giulio Caimi VP Business Development &#8220;Every local partnership is a building block of sovereignty. Our approach is founded on an expert understanding of the long-term social and technical implications of each project.&#8221; Giulio Caimi leads Qanta\u2019s business development, managing stakeholders in Qanta\u2019s energy ecosystem. He drives partnerships with municipalities, energy utilities, strategic relationships, and engineering ... Read more","og_url":"https:\/\/qanta.energy\/en\/about-us\/giulio-caimi\/","og_site_name":"Qanta Energy","article_modified_time":"2026-01-08T07:58:06+00:00","og_image":[{"url":"https:\/\/qanta.energy\/wp-content\/uploads\/2025\/12\/qanta-giulio-caimi.jpg","type":"","width":"","height":""}],"twitter_card":"summary_large_image","schema":{"@context":"https:\/\/schema.org","@graph":[{"@type":"WebPage","@id":"https:\/\/qanta.energy\/en\/about-us\/giulio-caimi\/","url":"https:\/\/qanta.energy\/en\/about-us\/giulio-caimi\/","name":"Giulio Caimi - Qanta Energy","isPartOf":{"@id":"https:\/\/qanta.energy\/en\/#website"},"primaryImageOfPage":{"@id":"https:\/\/qanta.energy\/en\/about-us\/giulio-caimi\/#primaryimage"},"image":{"@id":"https:\/\/qanta.energy\/en\/about-us\/giulio-caimi\/#primaryimage"},"thumbnailUrl":"https:\/\/qanta.energy\/wp-content\/uploads\/2025\/12\/qanta-giulio-caimi.jpg","datePublished":"2025-12-18T14:53:40+00:00","dateModified":"2026-01-08T07:58:06+00:00","breadcrumb":{"@id":"https:\/\/qanta.energy\/en\/about-us\/giulio-caimi\/#breadcrumb"},"inLanguage":"en-US","potentialAction":[{"@type":"ReadAction","target":["https:\/\/qanta.energy\/en\/about-us\/giulio-caimi\/"]}]},{"@type":"ImageObject","inLanguage":"en-US","@id":"https:\/\/qanta.energy\/en\/about-us\/giulio-caimi\/#primaryimage","url":"https:\/\/qanta.energy\/wp-content\/uploads\/2025\/12\/qanta-giulio-caimi.jpg","contentUrl":"https:\/\/qanta.energy\/wp-content\/uploads\/2025\/12\/qanta-giulio-caimi.jpg"},{"@type":"BreadcrumbList","@id":"https:\/\/qanta.energy\/en\/about-us\/giulio-caimi\/#breadcrumb","itemListElement":[{"@type":"ListItem","position":1,"name":"Accueil","item":"https:\/\/qanta.energy\/en\/"},{"@type":"ListItem","position":2,"name":"We Are","item":"https:\/\/qanta.energy\/en\/about-us\/"},{"@type":"ListItem","position":3,"name":"Giulio Caimi"}]},{"@type":"WebSite","@id":"https:\/\/qanta.energy\/en\/#website","url":"https:\/\/qanta.energy\/en\/","name":"Qanta Energy","description":"Votre ind\u00e9pendance \u00e9nerg\u00e9tique sans investissement.","publisher":{"@id":"https:\/\/qanta.energy\/en\/#organization"},"potentialAction":[{"@type":"SearchAction","target":{"@type":"EntryPoint","urlTemplate":"https:\/\/qanta.energy\/en\/?s={search_term_string}"},"query-input":{"@type":"PropertyValueSpecification","valueRequired":true,"valueName":"search_term_string"}}],"inLanguage":"en-US"},{"@type":"Organization","@id":"https:\/\/qanta.energy\/en\/#organization","name":"Qanta Energy","url":"https:\/\/qanta.energy\/en\/","logo":{"@type":"ImageObject","inLanguage":"en-US","@id":"https:\/\/qanta.energy\/en\/#\/schema\/logo\/image\/","url":"https:\/\/qanta.energy\/wp-content\/uploads\/2025\/12\/logo-qanta-energy-suisse.svg","contentUrl":"https:\/\/qanta.energy\/wp-content\/uploads\/2025\/12\/logo-qanta-energy-suisse.svg","width":815,"height":161,"caption":"Qanta Energy"},"image":{"@id":"https:\/\/qanta.energy\/en\/#\/schema\/logo\/image\/"}}]}},"_links":{"self":[{"href":"https:\/\/qanta.energy\/en\/wp-json\/wp\/v2\/pages\/51211","targetHints":{"allow":["GET"]}}],"collection":[{"href":"https:\/\/qanta.energy\/en\/wp-json\/wp\/v2\/pages"}],"about":[{"href":"https:\/\/qanta.energy\/en\/wp-json\/wp\/v2\/types\/page"}],"author":[{"embeddable":true,"href":"https:\/\/qanta.energy\/en\/wp-json\/wp\/v2\/users\/1"}],"replies":[{"embeddable":true,"href":"https:\/\/qanta.energy\/en\/wp-json\/wp\/v2\/comments?post=51211"}],"version-history":[{"count":0,"href":"https:\/\/qanta.energy\/en\/wp-json\/wp\/v2\/pages\/51211\/revisions"}],"up":[{"embeddable":true,"href":"https:\/\/qanta.energy\/en\/wp-json\/wp\/v2\/pages\/49798"}],"wp:attachment":[{"href":"https:\/\/qanta.energy\/en\/wp-json\/wp\/v2\/media?parent=51211"}],"curies":[{"name":"wp","href":"https:\/\/api.w.org\/{rel}","templated":true}]}}