{"id":51285,"date":"2025-12-18T17:01:08","date_gmt":"2025-12-18T16:01:08","guid":{"rendered":"https:\/\/qanta.marie-rabault.com\/?page_id=51285"},"modified":"2026-01-08T09:23:54","modified_gmt":"2026-01-08T08:23:54","slug":"legal-informations","status":"publish","type":"page","link":"https:\/\/qanta.energy\/en\/legal-informations\/","title":{"rendered":"Legal Information"},"content":{"rendered":"\n<div class=\"gb-element-be15d226\">\n<h1 class=\"gb-text gb-text-41db5ea7\">Legal Information<\/h1>\n\n\n\n<p><strong>Qanta Energy AG<\/strong><br>Baarerstrasse 52, 6300 Zug<br>Switzerland<\/p>\n\n\n\n<p>Phone +41 (0)58 501 00 50<br>welcome[@]qanta.energy<\/p>\n\n\n\n<p><strong>Publishing director:<\/strong> Pierre-Lo\u00efc Ca\u00efjo<\/p>\n\n\n\n<h4 class=\"wp-block-heading\">Credits<\/h4>\n\n\n\n<p>Website design: <a href=\"https:\/\/www.marierabault.com\/\" target=\"_blank\" rel=\"noreferrer noopener\">Marie Rabault<\/a><\/p>\n\n\n\n<h4 class=\"wp-block-heading\">Hosting<\/h4>\n\n\n\n<p>Infomaniak \u2013 Rue Eug\u00e8ne-Marziano 25, 1227 Geneva, Switzerland<\/p>\n\n\n\n<h4 class=\"wp-block-heading\">Processing of personal data<\/h4>\n\n\n\n<p><a href=\"https:\/\/qanta.energy\/privacy-policy\/\" data-type=\"page\" data-id=\"51295\">Read our privacy policy.<\/a><\/p>\n\n\n\n<h4 class=\"wp-block-heading\">Responsibility<\/h4>\n\n\n\n<p>Qanta Energy is not responsible for the content of other websites linked to this website. Access to all other websites linked to this website is at the user\u2019s own risk. Qanta Energy shall not be liable for any direct or indirect damages resulting from the use of this web site, or from the inability of any third party to use this web site, or from any malfunction, interruption or virus resulting from access to or use of this web site or any sites linked to it.<\/p>\n\n\n\n<h4 class=\"wp-block-heading\">Right of reproduction<\/h4>\n\n\n\n<p>Any copy of pages from the site must have the authorisation of the publication director. Links to the Qanta Energy website may be created freely.<\/p>\n\n\n\n<h4 class=\"wp-block-heading\">Copyright<\/h4>\n\n\n\n<p>All pages on this website are protected by Swiss copyright and database protection legislation. <\/p>\n<\/div>\n","protected":false},"excerpt":{"rendered":"<p>Legal Information Qanta Energy AGBaarerstrasse 52, 6300 ZugSwitzerland Phone +41 (0)58 501 00 50welcome[@]qanta.energy Publishing director: Pierre-Lo\u00efc Ca\u00efjo Credits Website design: Marie Rabault Hosting Infomaniak \u2013 Rue Eug\u00e8ne-Marziano 25, 1227 Geneva, Switzerland Processing of personal data Read our privacy policy. Responsibility Qanta Energy is not responsible for the content of other websites linked to this &#8230; <a title=\"Legal Information\" class=\"read-more\" href=\"https:\/\/qanta.energy\/en\/legal-informations\/\" aria-label=\"Read more about Legal Information\">Read more<\/a><\/p>\n","protected":false},"author":1,"featured_media":0,"parent":0,"menu_order":110,"comment_status":"closed","ping_status":"closed","template":"","meta":{"_acf_changed":false,"footnotes":""},"class_list":["post-51285","page","type-page","status-publish"],"acf":[],"yoast_head":"<!-- This site is optimized with the Yoast SEO plugin v27.3 - https:\/\/yoast.com\/product\/yoast-seo-wordpress\/ -->\n<title>Legal Information - Qanta Energy<\/title>\n<meta name=\"robots\" content=\"index, follow, max-snippet:-1, max-image-preview:large, max-video-preview:-1\" \/>\n<link rel=\"canonical\" href=\"https:\/\/qanta.energy\/en\/legal-informations\/\" \/>\n<meta property=\"og:locale\" content=\"en_US\" \/>\n<meta property=\"og:type\" content=\"article\" \/>\n<meta property=\"og:title\" content=\"Legal Information - Qanta Energy\" \/>\n<meta property=\"og:description\" content=\"Legal Information Qanta Energy AGBaarerstrasse 52, 6300 ZugSwitzerland Phone +41 (0)58 501 00 50welcome[@]qanta.energy Publishing director: Pierre-Lo\u00efc Ca\u00efjo Credits Website design: Marie Rabault Hosting Infomaniak \u2013 Rue Eug\u00e8ne-Marziano 25, 1227 Geneva, Switzerland Processing of personal data Read our privacy policy. Responsibility Qanta Energy is not responsible for the content of other websites linked to this ... Read more\" \/>\n<meta property=\"og:url\" content=\"https:\/\/qanta.energy\/en\/legal-informations\/\" \/>\n<meta property=\"og:site_name\" content=\"Qanta Energy\" \/>\n<meta property=\"article:modified_time\" content=\"2026-01-08T08:23:54+00:00\" \/>\n<meta property=\"og:image\" content=\"https:\/\/qanta.energy\/wp-content\/uploads\/2026\/01\/pv-solar-qanta.jpg\" \/>\n\t<meta property=\"og:image:width\" content=\"800\" \/>\n\t<meta property=\"og:image:height\" content=\"800\" \/>\n\t<meta property=\"og:image:type\" content=\"image\/jpeg\" \/>\n<meta name=\"twitter:card\" content=\"summary_large_image\" \/>\n<script type=\"application\/ld+json\" class=\"yoast-schema-graph\">{\"@context\":\"https:\\\/\\\/schema.org\",\"@graph\":[{\"@type\":\"WebPage\",\"@id\":\"https:\\\/\\\/qanta.energy\\\/en\\\/legal-informations\\\/\",\"url\":\"https:\\\/\\\/qanta.energy\\\/en\\\/legal-informations\\\/\",\"name\":\"Legal Information - Qanta Energy\",\"isPartOf\":{\"@id\":\"https:\\\/\\\/qanta.energy\\\/en\\\/#website\"},\"datePublished\":\"2025-12-18T16:01:08+00:00\",\"dateModified\":\"2026-01-08T08:23:54+00:00\",\"breadcrumb\":{\"@id\":\"https:\\\/\\\/qanta.energy\\\/en\\\/legal-informations\\\/#breadcrumb\"},\"inLanguage\":\"en-US\",\"potentialAction\":[{\"@type\":\"ReadAction\",\"target\":[\"https:\\\/\\\/qanta.energy\\\/en\\\/legal-informations\\\/\"]}]},{\"@type\":\"BreadcrumbList\",\"@id\":\"https:\\\/\\\/qanta.energy\\\/en\\\/legal-informations\\\/#breadcrumb\",\"itemListElement\":[{\"@type\":\"ListItem\",\"position\":1,\"name\":\"Accueil\",\"item\":\"https:\\\/\\\/qanta.energy\\\/en\\\/\"},{\"@type\":\"ListItem\",\"position\":2,\"name\":\"Legal Information\"}]},{\"@type\":\"WebSite\",\"@id\":\"https:\\\/\\\/qanta.energy\\\/en\\\/#website\",\"url\":\"https:\\\/\\\/qanta.energy\\\/en\\\/\",\"name\":\"Qanta Energy\",\"description\":\"Votre ind\u00e9pendance \u00e9nerg\u00e9tique sans investissement.\",\"publisher\":{\"@id\":\"https:\\\/\\\/qanta.energy\\\/en\\\/#organization\"},\"potentialAction\":[{\"@type\":\"SearchAction\",\"target\":{\"@type\":\"EntryPoint\",\"urlTemplate\":\"https:\\\/\\\/qanta.energy\\\/en\\\/?s={search_term_string}\"},\"query-input\":{\"@type\":\"PropertyValueSpecification\",\"valueRequired\":true,\"valueName\":\"search_term_string\"}}],\"inLanguage\":\"en-US\"},{\"@type\":\"Organization\",\"@id\":\"https:\\\/\\\/qanta.energy\\\/en\\\/#organization\",\"name\":\"Qanta Energy\",\"url\":\"https:\\\/\\\/qanta.energy\\\/en\\\/\",\"logo\":{\"@type\":\"ImageObject\",\"inLanguage\":\"en-US\",\"@id\":\"https:\\\/\\\/qanta.energy\\\/en\\\/#\\\/schema\\\/logo\\\/image\\\/\",\"url\":\"https:\\\/\\\/qanta.energy\\\/wp-content\\\/uploads\\\/2025\\\/12\\\/logo-qanta-energy-suisse.svg\",\"contentUrl\":\"https:\\\/\\\/qanta.energy\\\/wp-content\\\/uploads\\\/2025\\\/12\\\/logo-qanta-energy-suisse.svg\",\"width\":815,\"height\":161,\"caption\":\"Qanta Energy\"},\"image\":{\"@id\":\"https:\\\/\\\/qanta.energy\\\/en\\\/#\\\/schema\\\/logo\\\/image\\\/\"}}]}<\/script>\n<!-- \/ Yoast SEO plugin. -->","yoast_head_json":{"title":"Legal Information - Qanta Energy","robots":{"index":"index","follow":"follow","max-snippet":"max-snippet:-1","max-image-preview":"max-image-preview:large","max-video-preview":"max-video-preview:-1"},"canonical":"https:\/\/qanta.energy\/en\/legal-informations\/","og_locale":"en_US","og_type":"article","og_title":"Legal Information - Qanta Energy","og_description":"Legal Information Qanta Energy AGBaarerstrasse 52, 6300 ZugSwitzerland Phone +41 (0)58 501 00 50welcome[@]qanta.energy Publishing director: Pierre-Lo\u00efc Ca\u00efjo Credits Website design: Marie Rabault Hosting Infomaniak \u2013 Rue Eug\u00e8ne-Marziano 25, 1227 Geneva, Switzerland Processing of personal data Read our privacy policy. Responsibility Qanta Energy is not responsible for the content of other websites linked to this ... Read more","og_url":"https:\/\/qanta.energy\/en\/legal-informations\/","og_site_name":"Qanta Energy","article_modified_time":"2026-01-08T08:23:54+00:00","og_image":[{"width":800,"height":800,"url":"https:\/\/qanta.energy\/wp-content\/uploads\/2026\/01\/pv-solar-qanta.jpg","type":"image\/jpeg"}],"twitter_card":"summary_large_image","schema":{"@context":"https:\/\/schema.org","@graph":[{"@type":"WebPage","@id":"https:\/\/qanta.energy\/en\/legal-informations\/","url":"https:\/\/qanta.energy\/en\/legal-informations\/","name":"Legal Information - Qanta Energy","isPartOf":{"@id":"https:\/\/qanta.energy\/en\/#website"},"datePublished":"2025-12-18T16:01:08+00:00","dateModified":"2026-01-08T08:23:54+00:00","breadcrumb":{"@id":"https:\/\/qanta.energy\/en\/legal-informations\/#breadcrumb"},"inLanguage":"en-US","potentialAction":[{"@type":"ReadAction","target":["https:\/\/qanta.energy\/en\/legal-informations\/"]}]},{"@type":"BreadcrumbList","@id":"https:\/\/qanta.energy\/en\/legal-informations\/#breadcrumb","itemListElement":[{"@type":"ListItem","position":1,"name":"Accueil","item":"https:\/\/qanta.energy\/en\/"},{"@type":"ListItem","position":2,"name":"Legal Information"}]},{"@type":"WebSite","@id":"https:\/\/qanta.energy\/en\/#website","url":"https:\/\/qanta.energy\/en\/","name":"Qanta Energy","description":"Votre ind\u00e9pendance \u00e9nerg\u00e9tique sans investissement.","publisher":{"@id":"https:\/\/qanta.energy\/en\/#organization"},"potentialAction":[{"@type":"SearchAction","target":{"@type":"EntryPoint","urlTemplate":"https:\/\/qanta.energy\/en\/?s={search_term_string}"},"query-input":{"@type":"PropertyValueSpecification","valueRequired":true,"valueName":"search_term_string"}}],"inLanguage":"en-US"},{"@type":"Organization","@id":"https:\/\/qanta.energy\/en\/#organization","name":"Qanta Energy","url":"https:\/\/qanta.energy\/en\/","logo":{"@type":"ImageObject","inLanguage":"en-US","@id":"https:\/\/qanta.energy\/en\/#\/schema\/logo\/image\/","url":"https:\/\/qanta.energy\/wp-content\/uploads\/2025\/12\/logo-qanta-energy-suisse.svg","contentUrl":"https:\/\/qanta.energy\/wp-content\/uploads\/2025\/12\/logo-qanta-energy-suisse.svg","width":815,"height":161,"caption":"Qanta Energy"},"image":{"@id":"https:\/\/qanta.energy\/en\/#\/schema\/logo\/image\/"}}]}},"_links":{"self":[{"href":"https:\/\/qanta.energy\/en\/wp-json\/wp\/v2\/pages\/51285","targetHints":{"allow":["GET"]}}],"collection":[{"href":"https:\/\/qanta.energy\/en\/wp-json\/wp\/v2\/pages"}],"about":[{"href":"https:\/\/qanta.energy\/en\/wp-json\/wp\/v2\/types\/page"}],"author":[{"embeddable":true,"href":"https:\/\/qanta.energy\/en\/wp-json\/wp\/v2\/users\/1"}],"replies":[{"embeddable":true,"href":"https:\/\/qanta.energy\/en\/wp-json\/wp\/v2\/comments?post=51285"}],"version-history":[{"count":0,"href":"https:\/\/qanta.energy\/en\/wp-json\/wp\/v2\/pages\/51285\/revisions"}],"wp:attachment":[{"href":"https:\/\/qanta.energy\/en\/wp-json\/wp\/v2\/media?parent=51285"}],"curies":[{"name":"wp","href":"https:\/\/api.w.org\/{rel}","templated":true}]}}